{"id":75450,"date":"2025-07-17T04:03:44","date_gmt":"2025-07-17T04:03:44","guid":{"rendered":"https:\/\/e.kosmolat.eu\/product\/topface-instyle-birstosais-puderis-103-10-g\/"},"modified":"2026-04-22T11:48:10","modified_gmt":"2026-04-22T11:48:10","slug":"topface-instyle-birstosais-puderis-103-10-g","status":"publish","type":"product","link":"https:\/\/e.kosmolat.eu\/lt\/produktas\/topface-instyle-birstosais-puderis-103-10-g\/","title":{"rendered":"TOPFACE Instyle biri pudra 103, 10 g"},"content":{"rendered":"<p>\u0160ios birios pudros dalel\u0117s ir tekst\u016bra puikiai u\u017ebaigs j\u016bs\u0173 makia\u017e\u0105. Tepkite tinkamu \u0161epet\u0117liu arba kempin\u0117le.<\/p>\n","protected":false},"excerpt":{"rendered":"<p>\u0160ios birios pudros dalel\u0117s ir tekst\u016bra puikiai u\u017ebaigs j\u016bs\u0173 makia\u017e\u0105. Tepkite tinkamu \u0161epet\u0117liu arba kempin\u0117le.<\/p>\n","protected":false},"featured_media":95254,"template":"","meta":[],"product_cat":[2181],"product_tag":[],"class_list":{"0":"post-75450","1":"product","2":"type-product","3":"status-publish","4":"has-post-thumbnail","6":"product_brand-top-face-tr-lt","7":"product_cat-bez-kategorijas-lt","9":"first","10":"instock","11":"taxable","12":"shipping-taxable","13":"product-type-simple"},"_links":{"self":[{"href":"https:\/\/e.kosmolat.eu\/lt\/wp-json\/wp\/v2\/product\/75450","targetHints":{"allow":["GET"]}}],"collection":[{"href":"https:\/\/e.kosmolat.eu\/lt\/wp-json\/wp\/v2\/product"}],"about":[{"href":"https:\/\/e.kosmolat.eu\/lt\/wp-json\/wp\/v2\/types\/product"}],"wp:featuredmedia":[{"embeddable":true,"href":"https:\/\/e.kosmolat.eu\/lt\/wp-json\/wp\/v2\/media\/95254"}],"wp:attachment":[{"href":"https:\/\/e.kosmolat.eu\/lt\/wp-json\/wp\/v2\/media?parent=75450"}],"wp:term":[{"taxonomy":"product_cat","embeddable":true,"href":"https:\/\/e.kosmolat.eu\/lt\/wp-json\/wp\/v2\/product_cat?post=75450"},{"taxonomy":"product_tag","embeddable":true,"href":"https:\/\/e.kosmolat.eu\/lt\/wp-json\/wp\/v2\/product_tag?post=75450"}],"curies":[{"name":"wp","href":"https:\/\/api.w.org\/{rel}","templated":true}]}}