{"id":75426,"date":"2025-07-17T04:02:56","date_gmt":"2025-07-17T04:02:56","guid":{"rendered":"https:\/\/e.kosmolat.eu\/product\/topface-sensitive-natural-radiance-002-mineralu-grima-baze-30-ml\/"},"modified":"2026-04-20T05:59:58","modified_gmt":"2026-04-20T05:59:58","slug":"topface-sens-natural-radiance-002-mineralu-grima-baze-30-ml","status":"publish","type":"product","link":"https:\/\/e.kosmolat.eu\/lt\/produktas\/topface-sens-natural-radiance-002-mineralu-grima-baze-30-ml\/","title":{"rendered":"TOPFACE Sensitive Natural Radiance mineralinis makia\u017eo pagrindas 002, 30 ml"},"content":{"rendered":"<p>Formul\u0117 sukurta su vitamin\u0173, mineral\u0173 ir prebiotik\u0173 kompleksu. D\u0117l aktyvi\u0173j\u0173 mineral\u0173 ji padeda suteikti odai nat\u016brali\u0105 ir spindin\u010di\u0105 i\u0161vaizd\u0105. Paruo\u0161ia od\u0105 makia\u017eui ir palaiko optimal\u0173 dr\u0117gm\u0117s lyg\u012f vis\u0105 dien\u0105.<\/p>\n<p>Naudojimas: tolygiai tepkite priemon\u0119 ant odos, i\u0161skyrus aki\u0173 srit\u012f.<\/p>\n<p>Tinka sausai ir jautriai odai. Sud\u0117tyje n\u0117ra gyv\u016bnin\u0117s kilm\u0117s produkt\u0173. Nebandyta su gyv\u016bnais. Prie\u0161 naudojim\u0105 gerai suplakti.<\/p>\n","protected":false},"excerpt":{"rendered":"<p>Formul\u0117 sukurta su vitamin\u0173, mineral\u0173 ir prebiotik\u0173 kompleksu. D\u0117l aktyvi\u0173j\u0173 mineral\u0173 ji padeda suteikti odai nat\u016brali\u0105 ir spindin\u010di\u0105 i\u0161vaizd\u0105. Paruo\u0161ia od\u0105 makia\u017eui ir palaiko optimal\u0173 dr\u0117gm\u0117s lyg\u012f vis\u0105 dien\u0105. Naudojimas: tolygiai tepkite priemon\u0119 ant odos, i\u0161skyrus aki\u0173 srit\u012f. Tinka sausai ir jautriai odai. Sud\u0117tyje n\u0117ra gyv\u016bnin\u0117s kilm\u0117s produkt\u0173. Nebandyta su gyv\u016bnais. Prie\u0161 naudojim\u0105 gerai suplakti.<\/p>\n","protected":false},"featured_media":95238,"template":"","meta":[],"product_cat":[1291],"product_tag":[],"class_list":{"0":"post-75426","1":"product","2":"type-product","3":"status-publish","4":"has-post-thumbnail","6":"product_brand-top-face-tr-lt","7":"product_cat-makiazo-pagrindas","9":"first","10":"outofstock","11":"taxable","12":"shipping-taxable","13":"product-type-simple"},"_links":{"self":[{"href":"https:\/\/e.kosmolat.eu\/lt\/wp-json\/wp\/v2\/product\/75426","targetHints":{"allow":["GET"]}}],"collection":[{"href":"https:\/\/e.kosmolat.eu\/lt\/wp-json\/wp\/v2\/product"}],"about":[{"href":"https:\/\/e.kosmolat.eu\/lt\/wp-json\/wp\/v2\/types\/product"}],"wp:featuredmedia":[{"embeddable":true,"href":"https:\/\/e.kosmolat.eu\/lt\/wp-json\/wp\/v2\/media\/95238"}],"wp:attachment":[{"href":"https:\/\/e.kosmolat.eu\/lt\/wp-json\/wp\/v2\/media?parent=75426"}],"wp:term":[{"taxonomy":"product_cat","embeddable":true,"href":"https:\/\/e.kosmolat.eu\/lt\/wp-json\/wp\/v2\/product_cat?post=75426"},{"taxonomy":"product_tag","embeddable":true,"href":"https:\/\/e.kosmolat.eu\/lt\/wp-json\/wp\/v2\/product_tag?post=75426"}],"curies":[{"name":"wp","href":"https:\/\/api.w.org\/{rel}","templated":true}]}}