{"id":75410,"date":"2025-07-17T04:02:23","date_gmt":"2025-07-17T04:02:23","guid":{"rendered":"https:\/\/e.kosmolat.eu\/product\/topface-sensitive-mineralu-korektors-3-in-1-003-12-ml\/"},"modified":"2026-04-18T11:23:37","modified_gmt":"2026-04-18T11:23:37","slug":"topface-003-sensitive-mineralu-korektors-3-in-1-12-ml","status":"publish","type":"product","link":"https:\/\/e.kosmolat.eu\/lt\/produktas\/topface-003-sensitive-mineralu-korektors-3-in-1-12-ml\/","title":{"rendered":"TOPFACE Sensitive Mineralinis maskuoklis 3in1, 003, 12 ml"},"content":{"rendered":"<p>Specialiai sukurta formul\u0117 su mineral\u0173 ir prebiotik\u0173 kompleksu suma\u017eina rauk\u0161li\u0173 atsiradim\u0105, skatina odos dr\u0117kinim\u0105, pasi\u017eymi dideliu dengiamumu, i\u0161lygina ir koreguoja odos atspalv\u012f. Lengvai tepamas specialiu aplikatoriumi. Tinka sausai ir jautriai odai. Nebandyta su gyv\u016bnais. Sud\u0117tyje n\u0117ra gyv\u016bnin\u0117s kilm\u0117s produkt\u0173.<\/p>\n","protected":false},"excerpt":{"rendered":"<p>Specialiai sukurta formul\u0117 su mineral\u0173 ir prebiotik\u0173 kompleksu suma\u017eina rauk\u0161li\u0173 atsiradim\u0105, skatina odos dr\u0117kinim\u0105, pasi\u017eymi dideliu dengiamumu, i\u0161lygina ir koreguoja odos atspalv\u012f. Lengvai tepamas specialiu aplikatoriumi. Tinka sausai ir jautriai odai. Nebandyta su gyv\u016bnais. Sud\u0117tyje n\u0117ra gyv\u016bnin\u0117s kilm\u0117s produkt\u0173.<\/p>\n","protected":false},"featured_media":95230,"template":"","meta":[],"product_cat":[1490],"product_tag":[],"class_list":{"0":"post-75410","1":"product","2":"type-product","3":"status-publish","4":"has-post-thumbnail","6":"product_brand-top-face-tr-lt","7":"product_cat-korektoriai","9":"first","10":"outofstock","11":"taxable","12":"shipping-taxable","13":"product-type-simple"},"_links":{"self":[{"href":"https:\/\/e.kosmolat.eu\/lt\/wp-json\/wp\/v2\/product\/75410","targetHints":{"allow":["GET"]}}],"collection":[{"href":"https:\/\/e.kosmolat.eu\/lt\/wp-json\/wp\/v2\/product"}],"about":[{"href":"https:\/\/e.kosmolat.eu\/lt\/wp-json\/wp\/v2\/types\/product"}],"wp:featuredmedia":[{"embeddable":true,"href":"https:\/\/e.kosmolat.eu\/lt\/wp-json\/wp\/v2\/media\/95230"}],"wp:attachment":[{"href":"https:\/\/e.kosmolat.eu\/lt\/wp-json\/wp\/v2\/media?parent=75410"}],"wp:term":[{"taxonomy":"product_cat","embeddable":true,"href":"https:\/\/e.kosmolat.eu\/lt\/wp-json\/wp\/v2\/product_cat?post=75410"},{"taxonomy":"product_tag","embeddable":true,"href":"https:\/\/e.kosmolat.eu\/lt\/wp-json\/wp\/v2\/product_tag?post=75410"}],"curies":[{"name":"wp","href":"https:\/\/api.w.org\/{rel}","templated":true}]}}