{"id":75394,"date":"2025-07-17T04:01:50","date_gmt":"2025-07-17T04:01:50","guid":{"rendered":"https:\/\/e.kosmolat.eu\/product\/topface-instyle-gela-acu-laineris-001-3-5-g\/"},"modified":"2026-04-11T19:30:51","modified_gmt":"2026-04-11T19:30:51","slug":"topface-instyle-gela-acu-laineris-001-3-5-g","status":"publish","type":"product","link":"https:\/\/e.kosmolat.eu\/lt\/produktas\/topface-instyle-gela-acu-laineris-001-3-5-g\/","title":{"rendered":"TOPFACE Instyle gelinis aki\u0173 pie\u0161tukas 001, 3,5 g"},"content":{"rendered":"<p>D\u0117l vandeniui atsparios formul\u0117s nepalieka \u017eymi\u0173 ir nesirie\u010dia. Sud\u0117tyje yra mineralinio aliejaus, kuris stiprina blakstienas. Specialus \u0161epet\u0117lis u\u017etikrina patog\u0173 u\u017etepim\u0105.<\/p>\n<p>Aplikatorius yra d\u0117\u017eut\u0117je.<\/p>\n","protected":false},"excerpt":{"rendered":"<p>D\u0117l vandeniui atsparios formul\u0117s nepalieka \u017eymi\u0173 ir nesirie\u010dia. Sud\u0117tyje yra mineralinio aliejaus, kuris stiprina blakstienas. Specialus \u0161epet\u0117lis u\u017etikrina patog\u0173 u\u017etepim\u0105. Aplikatorius yra d\u0117\u017eut\u0117je.<\/p>\n","protected":false},"featured_media":95222,"template":"","meta":[],"product_cat":[1264],"product_tag":[],"class_list":{"0":"post-75394","1":"product","2":"type-product","3":"status-publish","4":"has-post-thumbnail","6":"product_brand-top-face-tr-lt","7":"product_cat-piestukai-konturai","9":"first","10":"outofstock","11":"taxable","12":"shipping-taxable","13":"product-type-simple"},"_links":{"self":[{"href":"https:\/\/e.kosmolat.eu\/lt\/wp-json\/wp\/v2\/product\/75394","targetHints":{"allow":["GET"]}}],"collection":[{"href":"https:\/\/e.kosmolat.eu\/lt\/wp-json\/wp\/v2\/product"}],"about":[{"href":"https:\/\/e.kosmolat.eu\/lt\/wp-json\/wp\/v2\/types\/product"}],"wp:featuredmedia":[{"embeddable":true,"href":"https:\/\/e.kosmolat.eu\/lt\/wp-json\/wp\/v2\/media\/95222"}],"wp:attachment":[{"href":"https:\/\/e.kosmolat.eu\/lt\/wp-json\/wp\/v2\/media?parent=75394"}],"wp:term":[{"taxonomy":"product_cat","embeddable":true,"href":"https:\/\/e.kosmolat.eu\/lt\/wp-json\/wp\/v2\/product_cat?post=75394"},{"taxonomy":"product_tag","embeddable":true,"href":"https:\/\/e.kosmolat.eu\/lt\/wp-json\/wp\/v2\/product_tag?post=75394"}],"curies":[{"name":"wp","href":"https:\/\/api.w.org\/{rel}","templated":true}]}}