{"id":75362,"date":"2025-07-17T04:00:48","date_gmt":"2025-07-17T04:00:48","guid":{"rendered":"https:\/\/e.kosmolat.eu\/product\/topface-instyle-uzacu-zeleja-002-3-5-g\/"},"modified":"2026-04-11T19:29:59","modified_gmt":"2026-04-11T19:29:59","slug":"topface-instyle-uzacu-zeleja-002-3-5-g","status":"publish","type":"product","link":"https:\/\/e.kosmolat.eu\/lt\/produktas\/topface-instyle-uzacu-zeleja-002-3-5-g\/","title":{"rendered":"TOPFACE Instyle antaki\u0173 gelis 002, 3,5 g"},"content":{"rendered":"<p>Vandeniui atspari formul\u0117 suteikia j\u016bs\u0173 antakiams i\u0161rai\u0161kingesn\u0119 form\u0105. U\u017epildykite tarpus ir suformuokite antakius. Tai suteiks j\u016bs\u0173 antakiams i\u0161rai\u0161kingumo. Kremin\u0117 tekst\u016bra ir prakti\u0161kas \u0161epet\u0117lis u\u017etikrina lengv\u0105 u\u017etepim\u0105. Leiskite sau tur\u0117ti stilingus antakius su sodria spalva.<\/p>\n<p>Aplikatorius yra d\u0117\u017eut\u0117je.<\/p>\n","protected":false},"excerpt":{"rendered":"<p>Vandeniui atspari formul\u0117 suteikia j\u016bs\u0173 antakiams i\u0161rai\u0161kingesn\u0119 form\u0105. U\u017epildykite tarpus ir suformuokite antakius. Tai suteiks j\u016bs\u0173 antakiams i\u0161rai\u0161kingumo. Kremin\u0117 tekst\u016bra ir prakti\u0161kas \u0161epet\u0117lis u\u017etikrina lengv\u0105 u\u017etepim\u0105. Leiskite sau tur\u0117ti stilingus antakius su sodria spalva. Aplikatorius yra d\u0117\u017eut\u0117je.<\/p>\n","protected":false},"featured_media":95206,"template":"","meta":[],"product_cat":[1508],"product_tag":[],"class_list":{"0":"post-75362","1":"product","2":"type-product","3":"status-publish","4":"has-post-thumbnail","6":"product_brand-top-face-tr-lt","7":"product_cat-antakiams","9":"first","10":"outofstock","11":"taxable","12":"shipping-taxable","13":"product-type-simple"},"_links":{"self":[{"href":"https:\/\/e.kosmolat.eu\/lt\/wp-json\/wp\/v2\/product\/75362","targetHints":{"allow":["GET"]}}],"collection":[{"href":"https:\/\/e.kosmolat.eu\/lt\/wp-json\/wp\/v2\/product"}],"about":[{"href":"https:\/\/e.kosmolat.eu\/lt\/wp-json\/wp\/v2\/types\/product"}],"wp:featuredmedia":[{"embeddable":true,"href":"https:\/\/e.kosmolat.eu\/lt\/wp-json\/wp\/v2\/media\/95206"}],"wp:attachment":[{"href":"https:\/\/e.kosmolat.eu\/lt\/wp-json\/wp\/v2\/media?parent=75362"}],"wp:term":[{"taxonomy":"product_cat","embeddable":true,"href":"https:\/\/e.kosmolat.eu\/lt\/wp-json\/wp\/v2\/product_cat?post=75362"},{"taxonomy":"product_tag","embeddable":true,"href":"https:\/\/e.kosmolat.eu\/lt\/wp-json\/wp\/v2\/product_tag?post=75362"}],"curies":[{"name":"wp","href":"https:\/\/api.w.org\/{rel}","templated":true}]}}