{"id":75354,"date":"2025-07-17T04:00:31","date_gmt":"2025-07-17T04:00:31","guid":{"rendered":"https:\/\/e.kosmolat.eu\/product\/topface-sens-smooth-protect-001-mineralu-grima-baze-30-ml\/"},"modified":"2026-04-11T19:38:10","modified_gmt":"2026-04-11T19:38:10","slug":"topface-sens-smooth-protect-001-mineralu-grima-baze-30-ml","status":"publish","type":"product","link":"https:\/\/e.kosmolat.eu\/lt\/produktas\/topface-sens-smooth-protect-001-mineralu-grima-baze-30-ml\/","title":{"rendered":"TOPFACE Sensitive Smooth Protect mineralinis makia\u017eo pagrindas 001, 30 ml"},"content":{"rendered":"<p>Formul\u0117, praturtinta vitamin\u0173 ir mineral\u0173 kompleksu bei prebiotikais, lengvai tepasi, i\u0161lygina odos atspalv\u012f, apsaugo nuo paraudimo. Suma\u017eina smulki\u0173 rauk\u0161leli\u0173 atsiradim\u0105.<\/p>\n<p>Naudojimas: tolygiai tepkite priemon\u0119 ant odos, i\u0161skyrus paaki\u0173 srit\u012f.<\/p>\n<p>Tinka sausai ir jautriai odai. Sud\u0117tyje n\u0117ra gyv\u016bnin\u0117s kilm\u0117s produkt\u0173. Nebandyta su gyv\u016bnais. Prie\u0161 naudojim\u0105 gerai suplakti.<\/p>\n","protected":false},"excerpt":{"rendered":"<p>Formul\u0117, praturtinta vitamin\u0173 ir mineral\u0173 kompleksu bei prebiotikais, lengvai tepasi, i\u0161lygina odos atspalv\u012f, apsaugo nuo paraudimo. Suma\u017eina smulki\u0173 rauk\u0161leli\u0173 atsiradim\u0105. Naudojimas: tolygiai tepkite priemon\u0119 ant odos, i\u0161skyrus paaki\u0173 srit\u012f. Tinka sausai ir jautriai odai. Sud\u0117tyje n\u0117ra gyv\u016bnin\u0117s kilm\u0117s produkt\u0173. Nebandyta su gyv\u016bnais. Prie\u0161 naudojim\u0105 gerai suplakti.<\/p>\n","protected":false},"featured_media":0,"template":"","meta":[],"product_cat":[1291],"product_tag":[],"class_list":{"0":"post-75354","1":"product","2":"type-product","3":"status-publish","5":"product_brand-top-face-tr-lt","6":"product_cat-makiazo-pagrindas","8":"first","9":"outofstock","10":"taxable","11":"shipping-taxable","12":"product-type-simple"},"_links":{"self":[{"href":"https:\/\/e.kosmolat.eu\/lt\/wp-json\/wp\/v2\/product\/75354","targetHints":{"allow":["GET"]}}],"collection":[{"href":"https:\/\/e.kosmolat.eu\/lt\/wp-json\/wp\/v2\/product"}],"about":[{"href":"https:\/\/e.kosmolat.eu\/lt\/wp-json\/wp\/v2\/types\/product"}],"wp:attachment":[{"href":"https:\/\/e.kosmolat.eu\/lt\/wp-json\/wp\/v2\/media?parent=75354"}],"wp:term":[{"taxonomy":"product_cat","embeddable":true,"href":"https:\/\/e.kosmolat.eu\/lt\/wp-json\/wp\/v2\/product_cat?post=75354"},{"taxonomy":"product_tag","embeddable":true,"href":"https:\/\/e.kosmolat.eu\/lt\/wp-json\/wp\/v2\/product_tag?post=75354"}],"curies":[{"name":"wp","href":"https:\/\/api.w.org\/{rel}","templated":true}]}}