{"id":75350,"date":"2025-07-16T10:36:38","date_gmt":"2025-07-16T10:36:38","guid":{"rendered":"https:\/\/e.kosmolat.eu\/product\/pl-maigs-sejas-skrubis-saus-un-jut-adai-50-ml\/"},"modified":"2026-04-23T13:07:42","modified_gmt":"2026-04-23T13:07:42","slug":"pl-maigs-sejas-skrubis-saus-un-jut-adai-50-ml","status":"publish","type":"product","link":"https:\/\/e.kosmolat.eu\/lt\/produktas\/pl-maigs-sejas-skrubis-saus-un-jut-adai-50-ml\/","title":{"rendered":"PURE LINE Veido \u0161veitiklis \u0161velnus sausai ir jautriai odai, 50 ml"},"content":{"rendered":"<p>Sud\u0117tyje yra 5 ekstrakt\u0173 ir aliej\u0173 Nature Plus esencija (verben\u0173 ekstraktas, bij\u016bn\u0173 ekstraktas, migdol\u0173 aliejus, s\u0117men\u0173 aliejus, alyvuogi\u0173 aliejus). Aktyv\u016bs nat\u016bral\u016bs ingredientai pri\u017ei\u016bri, mink\u0161tina ir tonizuoja od\u0105. \u0160velnus valymas: spanguoli\u0173 kauliukai \u0161velniai pa\u0161alina negyvas odos l\u0105steles, nepa\u017eeid\u017eiant jautrios odos. Gaivus veido atspalvis: avie\u010di\u0173 sultys ramina od\u0105, padeda i\u0161vengti paraudimo ir sudirginimo, i\u0161lygina odos atspalv\u012f. <\/p>\n<p>Naudojimas: u\u017etepkite nedidel\u012f \u0161veitiklio kiek\u012f ant sudr\u0117kintos veido ir kaklo odos, i\u0161skyrus srit\u012f aplink akis. Lengvai masa\u017euokite od\u0105 1-2 minutes. \u0160veitikl\u012f nuplaukite \u0161iltu vandeniu. Rekomenduojama naudoti 1-2 kartus per savait\u0119. Tai ne maisto produktas. <\/p>\n<p>Saugojimo temperat\u016bra: 0 \u00b0C &#8211; +25 \u00b0C.<\/p>\n","protected":false},"excerpt":{"rendered":"<p>Sud\u0117tyje yra 5 ekstrakt\u0173 ir aliej\u0173 Nature Plus esencija (verben\u0173 ekstraktas, bij\u016bn\u0173 ekstraktas, migdol\u0173 aliejus, s\u0117men\u0173 aliejus, alyvuogi\u0173 aliejus). Aktyv\u016bs nat\u016bral\u016bs ingredientai pri\u017ei\u016bri, mink\u0161tina ir tonizuoja od\u0105. \u0160velnus valymas: spanguoli\u0173 kauliukai \u0161velniai pa\u0161alina negyvas odos l\u0105steles, nepa\u017eeid\u017eiant jautrios odos. Gaivus veido atspalvis: avie\u010di\u0173 sultys ramina od\u0105, padeda i\u0161vengti paraudimo ir sudirginimo, i\u0161lygina odos atspalv\u012f. Naudojimas: [&#8230;]\n","protected":false},"featured_media":78059,"template":"","meta":[],"product_cat":[1396],"product_tag":[],"class_list":{"0":"post-75350","1":"product","2":"type-product","3":"status-publish","4":"has-post-thumbnail","6":"product_brand-private-label-lt","7":"product_cat-veido-sveitikliai-ir-pilingai","9":"first","10":"instock","11":"taxable","12":"shipping-taxable","13":"product-type-simple"},"_links":{"self":[{"href":"https:\/\/e.kosmolat.eu\/lt\/wp-json\/wp\/v2\/product\/75350","targetHints":{"allow":["GET"]}}],"collection":[{"href":"https:\/\/e.kosmolat.eu\/lt\/wp-json\/wp\/v2\/product"}],"about":[{"href":"https:\/\/e.kosmolat.eu\/lt\/wp-json\/wp\/v2\/types\/product"}],"wp:featuredmedia":[{"embeddable":true,"href":"https:\/\/e.kosmolat.eu\/lt\/wp-json\/wp\/v2\/media\/78059"}],"wp:attachment":[{"href":"https:\/\/e.kosmolat.eu\/lt\/wp-json\/wp\/v2\/media?parent=75350"}],"wp:term":[{"taxonomy":"product_cat","embeddable":true,"href":"https:\/\/e.kosmolat.eu\/lt\/wp-json\/wp\/v2\/product_cat?post=75350"},{"taxonomy":"product_tag","embeddable":true,"href":"https:\/\/e.kosmolat.eu\/lt\/wp-json\/wp\/v2\/product_tag?post=75350"}],"curies":[{"name":"wp","href":"https:\/\/api.w.org\/{rel}","templated":true}]}}