{"id":75341,"date":"2025-07-16T10:20:37","date_gmt":"2025-07-16T10:20:37","guid":{"rendered":"https:\/\/e.kosmolat.eu\/product\/pl-rita-krems-sejai-un-kaklam-3in1-50-ml\/"},"modified":"2026-04-24T05:46:10","modified_gmt":"2026-04-24T05:46:10","slug":"pl-rita-krems-sejai-un-kaklam-3in1-50-ml","status":"publish","type":"product","link":"https:\/\/e.kosmolat.eu\/lt\/produktas\/pl-rita-krems-sejai-un-kaklam-3in1-50-ml\/","title":{"rendered":"PURE LINE Rytinis veido ir kaklo kremas 3 in 1, 50 ml"},"content":{"rendered":"<p>Vis\u0173 tip\u0173 odai skirtame kreme yra Nature Plus 5 ekstrakt\u0173 ir aliej\u0173 esencija (verben\u0173 ekstraktas, bij\u016bn\u0173 ekstraktas, migdol\u0173 aliejus, lin\u0173 aliejus, alyvuogi\u0173 aliejus). Suteikia stangrinimo efekt\u0105, dr\u0117kina, gaivina, taip pat puikiai maitina. <\/p>\n<p>Naudojimas: tepkite krem\u0105 ant \u0161varios veido ir kaklo odos. <\/p>\n<p>Saugojimo temperat\u016bra: 0 \u00b0C &#8211; +25 \u00b0C<\/p>\n","protected":false},"excerpt":{"rendered":"<p>Vis\u0173 tip\u0173 odai skirtame kreme yra Nature Plus 5 ekstrakt\u0173 ir aliej\u0173 esencija (verben\u0173 ekstraktas, bij\u016bn\u0173 ekstraktas, migdol\u0173 aliejus, lin\u0173 aliejus, alyvuogi\u0173 aliejus). Suteikia stangrinimo efekt\u0105, dr\u0117kina, gaivina, taip pat puikiai maitina. Naudojimas: tepkite krem\u0105 ant \u0161varios veido ir kaklo odos. Saugojimo temperat\u016bra: 0 \u00b0C &#8211; +25 \u00b0C<\/p>\n","protected":false},"featured_media":78051,"template":"","meta":[],"product_cat":[1322],"product_tag":[],"class_list":{"0":"post-75341","1":"product","2":"type-product","3":"status-publish","4":"has-post-thumbnail","6":"product_brand-private-label-lt","7":"product_cat-veido-kremai","9":"first","10":"instock","11":"taxable","12":"shipping-taxable","13":"product-type-simple"},"_links":{"self":[{"href":"https:\/\/e.kosmolat.eu\/lt\/wp-json\/wp\/v2\/product\/75341","targetHints":{"allow":["GET"]}}],"collection":[{"href":"https:\/\/e.kosmolat.eu\/lt\/wp-json\/wp\/v2\/product"}],"about":[{"href":"https:\/\/e.kosmolat.eu\/lt\/wp-json\/wp\/v2\/types\/product"}],"wp:featuredmedia":[{"embeddable":true,"href":"https:\/\/e.kosmolat.eu\/lt\/wp-json\/wp\/v2\/media\/78051"}],"wp:attachment":[{"href":"https:\/\/e.kosmolat.eu\/lt\/wp-json\/wp\/v2\/media?parent=75341"}],"wp:term":[{"taxonomy":"product_cat","embeddable":true,"href":"https:\/\/e.kosmolat.eu\/lt\/wp-json\/wp\/v2\/product_cat?post=75341"},{"taxonomy":"product_tag","embeddable":true,"href":"https:\/\/e.kosmolat.eu\/lt\/wp-json\/wp\/v2\/product_tag?post=75341"}],"curies":[{"name":"wp","href":"https:\/\/api.w.org\/{rel}","templated":true}]}}