{"id":75337,"date":"2025-07-16T10:06:52","date_gmt":"2025-07-16T10:06:52","guid":{"rendered":"https:\/\/e.kosmolat.eu\/product\/pl-aktivas-iedarb-krems-pret-pinnem-ideala-ada-40-ml\/"},"modified":"2026-04-23T09:27:42","modified_gmt":"2026-04-23T09:27:42","slug":"pl-aktivas-iedarb-krems-pret-pinnem-ideala-ada-40-ml","status":"publish","type":"product","link":"https:\/\/e.kosmolat.eu\/lt\/produktas\/pl-aktivas-iedarb-krems-pret-pinnem-ideala-ada-40-ml\/","title":{"rendered":"PURE LINE Aktiv-kremas nuo spuog\u0173 Ideali oda, 40 ml"},"content":{"rendered":"<p>Problem\u0173 sprendimas be odos sausumo. Speciali itin efektyvi formul\u0117: Cinkas reguliuoja riebal\u0173 gamyb\u0105. Arbatmedis valo ir apsaugo nuo nauj\u0173 spuog\u0173 atsiradimo. Aloe Vera ramina ir matina od\u0105. <\/p>\n<p>Naudojimas: tepkite krem\u0105 ryte ir vakare ant \u0161varios odos. Tai n\u0117ra vaistas. <\/p>\n<p>Saugojimo temperat\u016bra: 0 \u00b0C &#8211; +25 \u00b0C.<\/p>\n","protected":false},"excerpt":{"rendered":"<p>Problem\u0173 sprendimas be odos sausumo. Speciali itin efektyvi formul\u0117: Cinkas reguliuoja riebal\u0173 gamyb\u0105. Arbatmedis valo ir apsaugo nuo nauj\u0173 spuog\u0173 atsiradimo. Aloe Vera ramina ir matina od\u0105. Naudojimas: tepkite krem\u0105 ryte ir vakare ant \u0161varios odos. Tai n\u0117ra vaistas. Saugojimo temperat\u016bra: 0 \u00b0C &#8211; +25 \u00b0C.<\/p>\n","protected":false},"featured_media":78047,"template":"","meta":[],"product_cat":[1322],"product_tag":[],"class_list":{"0":"post-75337","1":"product","2":"type-product","3":"status-publish","4":"has-post-thumbnail","6":"product_brand-private-label-lt","7":"product_cat-veido-kremai","9":"first","10":"instock","11":"taxable","12":"shipping-taxable","13":"product-type-simple"},"_links":{"self":[{"href":"https:\/\/e.kosmolat.eu\/lt\/wp-json\/wp\/v2\/product\/75337","targetHints":{"allow":["GET"]}}],"collection":[{"href":"https:\/\/e.kosmolat.eu\/lt\/wp-json\/wp\/v2\/product"}],"about":[{"href":"https:\/\/e.kosmolat.eu\/lt\/wp-json\/wp\/v2\/types\/product"}],"wp:featuredmedia":[{"embeddable":true,"href":"https:\/\/e.kosmolat.eu\/lt\/wp-json\/wp\/v2\/media\/78047"}],"wp:attachment":[{"href":"https:\/\/e.kosmolat.eu\/lt\/wp-json\/wp\/v2\/media?parent=75337"}],"wp:term":[{"taxonomy":"product_cat","embeddable":true,"href":"https:\/\/e.kosmolat.eu\/lt\/wp-json\/wp\/v2\/product_cat?post=75337"},{"taxonomy":"product_tag","embeddable":true,"href":"https:\/\/e.kosmolat.eu\/lt\/wp-json\/wp\/v2\/product_tag?post=75337"}],"curies":[{"name":"wp","href":"https:\/\/api.w.org\/{rel}","templated":true}]}}