{"id":75333,"date":"2025-07-16T10:06:37","date_gmt":"2025-07-16T10:06:37","guid":{"rendered":"https:\/\/e.kosmolat.eu\/product\/pl-mitrinoss-dienas-sejas-krems-sausai-adai-40-ml\/"},"modified":"2026-04-24T05:45:57","modified_gmt":"2026-04-24T05:45:57","slug":"pl-mitrinoss-dienas-sejas-krems-sausai-adai-40-ml","status":"publish","type":"product","link":"https:\/\/e.kosmolat.eu\/lt\/produktas\/pl-mitrinoss-dienas-sejas-krems-sausai-adai-40-ml\/","title":{"rendered":"PURE LINE Dieninis dr\u0117kinamasis veido kremas sausai odai, 40 ml"},"content":{"rendered":"<p>Kremo sud\u0117tyje yra esencija Nature Plus 5 i\u0161 aliej\u0173 ir ekstrakt\u0173 (verben\u0173 ekstraktas, bij\u016bn\u0173 ekstraktas, migdol\u0173, lin\u0173, alyvuogi\u0173 aliejus) + hialuronas. Aktyv\u016bs nat\u016bral\u016bs ingredientai maitina, giliai dr\u0117kina od\u0105, neleid\u017eia atsirasti smulkioms rauk\u0161l\u0117ms. Ro\u017ei\u0173 ekstraktas ramina, gaivina, suteikia odai glotnumo ir sveiko \u0161vyt\u0117jimo. <\/p>\n<p>Naudojimas: ryte tepkite krem\u0105 ant \u0161varios veido ir kaklo odos. Ne maisto produktas. <\/p>\n<p>Saugojimo temperat\u016bra: 0 \u00b0C &#8211; +25 \u00b0C.<\/p>\n","protected":false},"excerpt":{"rendered":"<p>Kremo sud\u0117tyje yra esencija Nature Plus 5 i\u0161 aliej\u0173 ir ekstrakt\u0173 (verben\u0173 ekstraktas, bij\u016bn\u0173 ekstraktas, migdol\u0173, lin\u0173, alyvuogi\u0173 aliejus) + hialuronas. Aktyv\u016bs nat\u016bral\u016bs ingredientai maitina, giliai dr\u0117kina od\u0105, neleid\u017eia atsirasti smulkioms rauk\u0161l\u0117ms. Ro\u017ei\u0173 ekstraktas ramina, gaivina, suteikia odai glotnumo ir sveiko \u0161vyt\u0117jimo. Naudojimas: ryte tepkite krem\u0105 ant \u0161varios veido ir kaklo odos. Ne maisto produktas. [&#8230;]\n","protected":false},"featured_media":78043,"template":"","meta":[],"product_cat":[1322],"product_tag":[],"class_list":{"0":"post-75333","1":"product","2":"type-product","3":"status-publish","4":"has-post-thumbnail","6":"product_brand-private-label-lt","7":"product_cat-veido-kremai","9":"first","10":"instock","11":"taxable","12":"shipping-taxable","13":"product-type-simple"},"_links":{"self":[{"href":"https:\/\/e.kosmolat.eu\/lt\/wp-json\/wp\/v2\/product\/75333","targetHints":{"allow":["GET"]}}],"collection":[{"href":"https:\/\/e.kosmolat.eu\/lt\/wp-json\/wp\/v2\/product"}],"about":[{"href":"https:\/\/e.kosmolat.eu\/lt\/wp-json\/wp\/v2\/types\/product"}],"wp:featuredmedia":[{"embeddable":true,"href":"https:\/\/e.kosmolat.eu\/lt\/wp-json\/wp\/v2\/media\/78043"}],"wp:attachment":[{"href":"https:\/\/e.kosmolat.eu\/lt\/wp-json\/wp\/v2\/media?parent=75333"}],"wp:term":[{"taxonomy":"product_cat","embeddable":true,"href":"https:\/\/e.kosmolat.eu\/lt\/wp-json\/wp\/v2\/product_cat?post=75333"},{"taxonomy":"product_tag","embeddable":true,"href":"https:\/\/e.kosmolat.eu\/lt\/wp-json\/wp\/v2\/product_tag?post=75333"}],"curies":[{"name":"wp","href":"https:\/\/api.w.org\/{rel}","templated":true}]}}