{"id":75329,"date":"2025-07-16T09:50:37","date_gmt":"2025-07-16T09:50:37","guid":{"rendered":"https:\/\/e.kosmolat.eu\/product\/pl-mitrinoss-dienas-sejas-krems-komb-adai-40-ml\/"},"modified":"2026-04-24T07:26:01","modified_gmt":"2026-04-24T07:26:01","slug":"pl-mitrinoss-dienas-sejas-krems-komb-adai-40-ml","status":"publish","type":"product","link":"https:\/\/e.kosmolat.eu\/lt\/produktas\/pl-mitrinoss-dienas-sejas-krems-komb-adai-40-ml\/","title":{"rendered":"PURE LINE Dieninis dr\u0117kinantis veido kremas mi\u0161riai odai, 40 \u043c\u0117"},"content":{"rendered":"<p>Kremo sud\u0117tyje yra Nature Plus 5 ekstrakt\u0173 ir aliej\u0173 esencija (verben\u0173 ekstraktas, bij\u016bn\u0173 ekstraktas, migdol\u0173 aliejus, lin\u0173 aliejus, alyvuogi\u0173 aliejus) + hialuronas. Aktyv\u016bs nat\u016bral\u016bs ingredientai maitina, atkuria odos lipidin\u012f barjer\u0105, neleid\u017eia atsirasti smulkioms rauk\u0161l\u0117ms. Alavijai dr\u0117kina ir tonizuoja od\u0105, skatina l\u0105steli\u0173 atsinaujinim\u0105, suteikia jauninant\u012f poveik\u012f. <\/p>\n<p>Naudojimas: ryte tepkite krem\u0105 ant \u0161varios veido ir kaklo odos. Ne maisto produktas. <\/p>\n<p>Saugojimo temperat\u016bra: 0 \u00b0C &#8211; +25 \u00b0C.<\/p>\n","protected":false},"excerpt":{"rendered":"<p>Kremo sud\u0117tyje yra Nature Plus 5 ekstrakt\u0173 ir aliej\u0173 esencija (verben\u0173 ekstraktas, bij\u016bn\u0173 ekstraktas, migdol\u0173 aliejus, lin\u0173 aliejus, alyvuogi\u0173 aliejus) + hialuronas. Aktyv\u016bs nat\u016bral\u016bs ingredientai maitina, atkuria odos lipidin\u012f barjer\u0105, neleid\u017eia atsirasti smulkioms rauk\u0161l\u0117ms. Alavijai dr\u0117kina ir tonizuoja od\u0105, skatina l\u0105steli\u0173 atsinaujinim\u0105, suteikia jauninant\u012f poveik\u012f. Naudojimas: ryte tepkite krem\u0105 ant \u0161varios veido ir kaklo odos. [&#8230;]\n","protected":false},"featured_media":78039,"template":"","meta":[],"product_cat":[1322],"product_tag":[],"class_list":{"0":"post-75329","1":"product","2":"type-product","3":"status-publish","4":"has-post-thumbnail","6":"product_brand-private-label-lt","7":"product_cat-veido-kremai","9":"first","10":"outofstock","11":"taxable","12":"shipping-taxable","13":"product-type-simple"},"_links":{"self":[{"href":"https:\/\/e.kosmolat.eu\/lt\/wp-json\/wp\/v2\/product\/75329","targetHints":{"allow":["GET"]}}],"collection":[{"href":"https:\/\/e.kosmolat.eu\/lt\/wp-json\/wp\/v2\/product"}],"about":[{"href":"https:\/\/e.kosmolat.eu\/lt\/wp-json\/wp\/v2\/types\/product"}],"wp:featuredmedia":[{"embeddable":true,"href":"https:\/\/e.kosmolat.eu\/lt\/wp-json\/wp\/v2\/media\/78039"}],"wp:attachment":[{"href":"https:\/\/e.kosmolat.eu\/lt\/wp-json\/wp\/v2\/media?parent=75329"}],"wp:term":[{"taxonomy":"product_cat","embeddable":true,"href":"https:\/\/e.kosmolat.eu\/lt\/wp-json\/wp\/v2\/product_cat?post=75329"},{"taxonomy":"product_tag","embeddable":true,"href":"https:\/\/e.kosmolat.eu\/lt\/wp-json\/wp\/v2\/product_tag?post=75329"}],"curies":[{"name":"wp","href":"https:\/\/api.w.org\/{rel}","templated":true}]}}