{"id":75325,"date":"2025-07-16T09:36:36","date_gmt":"2025-07-16T09:36:36","guid":{"rendered":"https:\/\/e.kosmolat.eu\/product\/pl-barojoss-nakts-sejas-kems-kombinetai-adai-40-ml\/"},"modified":"2026-04-22T13:37:10","modified_gmt":"2026-04-22T13:37:10","slug":"pl-barojoss-nakts-sejas-kems-kombinetai-adai-40-ml","status":"publish","type":"product","link":"https:\/\/e.kosmolat.eu\/lt\/produktas\/pl-barojoss-nakts-sejas-kems-kombinetai-adai-40-ml\/","title":{"rendered":"PURE LINE Naktinis maitinantis veido kremas mi\u0161riai odai, 40 ml"},"content":{"rendered":"<p>Kremo sud\u0117tyje yra esencija Nature Plus 5 i\u0161 aliej\u0173 ir ekstrakt\u0173 (verben\u0173 ekstraktas, bij\u016bn\u0173 ekstraktas, migdol\u0173, lin\u0173, alyvuogi\u0173 aliejus) + hialuronas. Aktyv\u016bs nat\u016bral\u016bs ingredientai maitina, dr\u0117kina od\u0105, neleid\u017eia atsirasti smulkioms rauk\u0161l\u0117ms. \u0160altalanki\u0173 aliejus atkuria od\u0105 ir prisotina j\u0105 vitaminais.<\/p>\n<p>Naudojimas: vakare krem\u0105 tepkite ant nuvalytos veido ir kaklo odos. Ne maisto produktas. <\/p>\n<p>Saugojimo temperat\u016bra: 0 \u00b0C &#8211; +25 \u00b0C.<\/p>\n","protected":false},"excerpt":{"rendered":"<p>Kremo sud\u0117tyje yra esencija Nature Plus 5 i\u0161 aliej\u0173 ir ekstrakt\u0173 (verben\u0173 ekstraktas, bij\u016bn\u0173 ekstraktas, migdol\u0173, lin\u0173, alyvuogi\u0173 aliejus) + hialuronas. Aktyv\u016bs nat\u016bral\u016bs ingredientai maitina, dr\u0117kina od\u0105, neleid\u017eia atsirasti smulkioms rauk\u0161l\u0117ms. \u0160altalanki\u0173 aliejus atkuria od\u0105 ir prisotina j\u0105 vitaminais. Naudojimas: vakare krem\u0105 tepkite ant nuvalytos veido ir kaklo odos. Ne maisto produktas. Saugojimo temperat\u016bra: 0 [&#8230;]\n","protected":false},"featured_media":78035,"template":"","meta":[],"product_cat":[1322],"product_tag":[],"class_list":{"0":"post-75325","1":"product","2":"type-product","3":"status-publish","4":"has-post-thumbnail","6":"product_brand-private-label-lt","7":"product_cat-veido-kremai","9":"first","10":"outofstock","11":"taxable","12":"shipping-taxable","13":"product-type-simple"},"_links":{"self":[{"href":"https:\/\/e.kosmolat.eu\/lt\/wp-json\/wp\/v2\/product\/75325","targetHints":{"allow":["GET"]}}],"collection":[{"href":"https:\/\/e.kosmolat.eu\/lt\/wp-json\/wp\/v2\/product"}],"about":[{"href":"https:\/\/e.kosmolat.eu\/lt\/wp-json\/wp\/v2\/types\/product"}],"wp:featuredmedia":[{"embeddable":true,"href":"https:\/\/e.kosmolat.eu\/lt\/wp-json\/wp\/v2\/media\/78035"}],"wp:attachment":[{"href":"https:\/\/e.kosmolat.eu\/lt\/wp-json\/wp\/v2\/media?parent=75325"}],"wp:term":[{"taxonomy":"product_cat","embeddable":true,"href":"https:\/\/e.kosmolat.eu\/lt\/wp-json\/wp\/v2\/product_cat?post=75325"},{"taxonomy":"product_tag","embeddable":true,"href":"https:\/\/e.kosmolat.eu\/lt\/wp-json\/wp\/v2\/product_tag?post=75325"}],"curies":[{"name":"wp","href":"https:\/\/api.w.org\/{rel}","templated":true}]}}