{"id":75321,"date":"2025-07-16T09:20:36","date_gmt":"2025-07-16T09:20:36","guid":{"rendered":"https:\/\/e.kosmolat.eu\/product\/pl-barojoss-nakts-sejas-krems-sausai-adai-40-ml\/"},"modified":"2026-04-22T13:07:17","modified_gmt":"2026-04-22T13:07:17","slug":"pl-barojoss-nakts-sejas-krems-sausai-adai-40-ml","status":"publish","type":"product","link":"https:\/\/e.kosmolat.eu\/lt\/produktas\/pl-barojoss-nakts-sejas-krems-sausai-adai-40-ml\/","title":{"rendered":"PURE LINE Naktinis maitinantis veido kremas sausai odai, 40 ml"},"content":{"rendered":"<p>Kremo sud\u0117tyje yra Nature Plus 5 ekstrakt\u0173 ir aliej\u0173 esencija (verben\u0173 ekstraktas, bij\u016bn\u0173 ekstraktas, migdol\u0173 aliejus, lin\u0173 aliejus, alyvuogi\u0173 aliejus) + hialuronas. Aktyv\u016bs nat\u016bral\u016bs ingredientai suteikia odai elastingumo, giliai maitina, apsaugo nuo smulki\u0173 rauk\u0161li\u0173 atsiradimo. Kvie\u010di\u0173 gemal\u0173 aliejus, nat\u016bralus vitamino E \u0161altinis, maitina ir mink\u0161tina od\u0105. <\/p>\n<p>Naudojimas: vakare krem\u0105 tepkite ant nuvalytos veido ir kaklo odos. Ne maisto produktas. <\/p>\n<p>Saugojimo temperat\u016bra: 0 \u00b0C &#8211; +25 \u00b0C.<\/p>\n","protected":false},"excerpt":{"rendered":"<p>Kremo sud\u0117tyje yra Nature Plus 5 ekstrakt\u0173 ir aliej\u0173 esencija (verben\u0173 ekstraktas, bij\u016bn\u0173 ekstraktas, migdol\u0173 aliejus, lin\u0173 aliejus, alyvuogi\u0173 aliejus) + hialuronas. Aktyv\u016bs nat\u016bral\u016bs ingredientai suteikia odai elastingumo, giliai maitina, apsaugo nuo smulki\u0173 rauk\u0161li\u0173 atsiradimo. Kvie\u010di\u0173 gemal\u0173 aliejus, nat\u016bralus vitamino E \u0161altinis, maitina ir mink\u0161tina od\u0105. Naudojimas: vakare krem\u0105 tepkite ant nuvalytos veido ir kaklo [&#8230;]\n","protected":false},"featured_media":78031,"template":"","meta":[],"product_cat":[2181],"product_tag":[],"class_list":{"0":"post-75321","1":"product","2":"type-product","3":"status-publish","4":"has-post-thumbnail","6":"product_brand-private-label-lt","7":"product_cat-bez-kategorijas-lt","9":"first","10":"instock","11":"taxable","12":"shipping-taxable","13":"product-type-simple"},"_links":{"self":[{"href":"https:\/\/e.kosmolat.eu\/lt\/wp-json\/wp\/v2\/product\/75321","targetHints":{"allow":["GET"]}}],"collection":[{"href":"https:\/\/e.kosmolat.eu\/lt\/wp-json\/wp\/v2\/product"}],"about":[{"href":"https:\/\/e.kosmolat.eu\/lt\/wp-json\/wp\/v2\/types\/product"}],"wp:featuredmedia":[{"embeddable":true,"href":"https:\/\/e.kosmolat.eu\/lt\/wp-json\/wp\/v2\/media\/78031"}],"wp:attachment":[{"href":"https:\/\/e.kosmolat.eu\/lt\/wp-json\/wp\/v2\/media?parent=75321"}],"wp:term":[{"taxonomy":"product_cat","embeddable":true,"href":"https:\/\/e.kosmolat.eu\/lt\/wp-json\/wp\/v2\/product_cat?post=75321"},{"taxonomy":"product_tag","embeddable":true,"href":"https:\/\/e.kosmolat.eu\/lt\/wp-json\/wp\/v2\/product_tag?post=75321"}],"curies":[{"name":"wp","href":"https:\/\/api.w.org\/{rel}","templated":true}]}}