{"id":75308,"date":"2025-07-16T04:05:50","date_gmt":"2025-07-16T04:05:50","guid":{"rendered":"https:\/\/e.kosmolat.eu\/product\/topface-vitamin-balm-12-in-1-grima-baze-spf50-30-ml\/"},"modified":"2025-09-20T08:01:56","modified_gmt":"2025-09-20T08:01:56","slug":"topface-vitamin-balm-12-in-1-grima-baze-spf50-30-ml","status":"publish","type":"product","link":"https:\/\/e.kosmolat.eu\/lt\/produktas\/topface-vitamin-balm-12-in-1-grima-baze-spf50-30-ml\/","title":{"rendered":"TOPFACE Vitamin Balm 12 in 1 makia\u017eo pagrindas SPF 50, 30 ml"},"content":{"rendered":"<p>\u2022 Nat\u016bralus spindesys<br \/>\n\u2022 Dr\u0117kinimas<br \/>\n\u2022 Por\u0173 sutraukimas<br \/>\n\u2022 Remineralizacija<br \/>\n\u2022 Apsauga nuo m\u0117lynosios \u0161viesos<br \/>\n\u2022 Apsauga nuo UV spinduli\u0173<br \/>\n\u2022 Antioksidantas<br \/>\n\u2022 Multivitamin\u0173 kompleksas<br \/>\n\u2022 Lyginimas<br \/>\n\u2022 Gaivinimas<br \/>\n\u2022 Atk\u016brimas<br \/>\n\u2022 Detoksikacija<\/p>\n<p>Makia\u017eo pagrindas su 12 aktyvi\u0173j\u0173 savybi\u0173 paruo\u0161ia od\u0105 makia\u017eui: dr\u0117kina, mink\u0161tina ir suteikia jai lygumo. Pasi\u017eymi auk\u0161tu apsaugos lygiu SPF 50. Naudojamas kaip makia\u017eo pagrindas, siekiant padidinti jo patvarum\u0105, arba savaranki\u0161kai \u2013 apsaugoti od\u0105 nuo ultravioletini\u0173 spinduli\u0173 ir \u017ealingo aplinkos poveikio. Efektyvi formul\u0117 suvienodina odos atspalv\u012f, suma\u017eina por\u0173 ir rauk\u0161li\u0173 matomum\u0105, suteikia \u0161ilko \u0161velnumo ir pri\u017ei\u016br\u0117tos i\u0161vaizdos. Praturtintas vitaminais, kurie suteikia papildomos prie\u017ei\u016bros.<\/p>\n<p>Sud\u0117tyje yra vitamino A. Prie\u0161 naudojant atsi\u017evelgti \u012f paros norm\u0105.<\/p>\n","protected":false},"excerpt":{"rendered":"<p>\u2022 Nat\u016bralus spindesys \u2022 Dr\u0117kinimas \u2022 Por\u0173 sutraukimas \u2022 Remineralizacija \u2022 Apsauga nuo m\u0117lynosios \u0161viesos \u2022 Apsauga nuo UV spinduli\u0173 \u2022 Antioksidantas \u2022 Multivitamin\u0173 kompleksas \u2022 Lyginimas \u2022 Gaivinimas \u2022 Atk\u016brimas \u2022 Detoksikacija Makia\u017eo pagrindas su 12 aktyvi\u0173j\u0173 savybi\u0173 paruo\u0161ia od\u0105 makia\u017eui: dr\u0117kina, mink\u0161tina ir suteikia jai lygumo. Pasi\u017eymi auk\u0161tu apsaugos lygiu SPF 50. Naudojamas [&#8230;]\n","protected":false},"featured_media":95426,"template":"","meta":[],"product_cat":[1291],"product_tag":[],"class_list":{"0":"post-75308","1":"product","2":"type-product","3":"status-publish","4":"has-post-thumbnail","6":"product_brand-top-face-tr-lt","7":"product_cat-makiazo-pagrindas","9":"first","10":"outofstock","11":"taxable","12":"shipping-taxable","13":"product-type-simple"},"_links":{"self":[{"href":"https:\/\/e.kosmolat.eu\/lt\/wp-json\/wp\/v2\/product\/75308","targetHints":{"allow":["GET"]}}],"collection":[{"href":"https:\/\/e.kosmolat.eu\/lt\/wp-json\/wp\/v2\/product"}],"about":[{"href":"https:\/\/e.kosmolat.eu\/lt\/wp-json\/wp\/v2\/types\/product"}],"wp:featuredmedia":[{"embeddable":true,"href":"https:\/\/e.kosmolat.eu\/lt\/wp-json\/wp\/v2\/media\/95426"}],"wp:attachment":[{"href":"https:\/\/e.kosmolat.eu\/lt\/wp-json\/wp\/v2\/media?parent=75308"}],"wp:term":[{"taxonomy":"product_cat","embeddable":true,"href":"https:\/\/e.kosmolat.eu\/lt\/wp-json\/wp\/v2\/product_cat?post=75308"},{"taxonomy":"product_tag","embeddable":true,"href":"https:\/\/e.kosmolat.eu\/lt\/wp-json\/wp\/v2\/product_tag?post=75308"}],"curies":[{"name":"wp","href":"https:\/\/api.w.org\/{rel}","templated":true}]}}