{"id":75276,"date":"2025-07-16T04:04:38","date_gmt":"2025-07-16T04:04:38","guid":{"rendered":"https:\/\/e.kosmolat.eu\/product\/topface-pro-palette-acu-enu-palete-005-8-g\/"},"modified":"2026-04-22T11:47:45","modified_gmt":"2026-04-22T11:47:45","slug":"topface-pro-palette-acu-enu-palete-005-8-g","status":"publish","type":"product","link":"https:\/\/e.kosmolat.eu\/lt\/produktas\/topface-pro-palette-acu-enu-palete-005-8-g\/","title":{"rendered":"TOPFACE Pro Palette aki\u0173 \u0161e\u0161\u0117liai 005, 8 g"},"content":{"rendered":"<p>Pasinaudodami \u0161i\u0173 aki\u0173 \u0161e\u0161\u0117li\u0173 spalv\u0173 magija, galite tapti kerin\u010dio \u012fvaizd\u017eio savininke. J\u0173 speciali formul\u0117 su vitaminu E atjaunina vok\u0173 od\u0105 ir j\u0105 apsaugo.<\/p>\n<p>Jei pasikei\u010dia kvapas ar i\u0161vaizda, nutraukite naudojim\u0105. Tik i\u0161oriniam naudojimui. Laikyti 20\u201325 \u00b0C temperat\u016broje, toliau nuo tiesiogini\u0173 saul\u0117s spinduli\u0173. Laikyti vaikams nepasiekiamoje vietoje.<\/p>\n","protected":false},"excerpt":{"rendered":"<p>Pasinaudodami \u0161i\u0173 aki\u0173 \u0161e\u0161\u0117li\u0173 spalv\u0173 magija, galite tapti kerin\u010dio \u012fvaizd\u017eio savininke. J\u0173 speciali formul\u0117 su vitaminu E atjaunina vok\u0173 od\u0105 ir j\u0105 apsaugo. Jei pasikei\u010dia kvapas ar i\u0161vaizda, nutraukite naudojim\u0105. Tik i\u0161oriniam naudojimui. Laikyti 20\u201325 \u00b0C temperat\u016broje, toliau nuo tiesiogini\u0173 saul\u0117s spinduli\u0173. Laikyti vaikams nepasiekiamoje vietoje.<\/p>\n","protected":false},"featured_media":95190,"template":"","meta":[],"product_cat":[2181],"product_tag":[],"class_list":{"0":"post-75276","1":"product","2":"type-product","3":"status-publish","4":"has-post-thumbnail","6":"product_brand-top-face-tr-lt","7":"product_cat-bez-kategorijas-lt","9":"first","10":"outofstock","11":"taxable","12":"shipping-taxable","13":"product-type-simple"},"_links":{"self":[{"href":"https:\/\/e.kosmolat.eu\/lt\/wp-json\/wp\/v2\/product\/75276","targetHints":{"allow":["GET"]}}],"collection":[{"href":"https:\/\/e.kosmolat.eu\/lt\/wp-json\/wp\/v2\/product"}],"about":[{"href":"https:\/\/e.kosmolat.eu\/lt\/wp-json\/wp\/v2\/types\/product"}],"wp:featuredmedia":[{"embeddable":true,"href":"https:\/\/e.kosmolat.eu\/lt\/wp-json\/wp\/v2\/media\/95190"}],"wp:attachment":[{"href":"https:\/\/e.kosmolat.eu\/lt\/wp-json\/wp\/v2\/media?parent=75276"}],"wp:term":[{"taxonomy":"product_cat","embeddable":true,"href":"https:\/\/e.kosmolat.eu\/lt\/wp-json\/wp\/v2\/product_cat?post=75276"},{"taxonomy":"product_tag","embeddable":true,"href":"https:\/\/e.kosmolat.eu\/lt\/wp-json\/wp\/v2\/product_tag?post=75276"}],"curies":[{"name":"wp","href":"https:\/\/api.w.org\/{rel}","templated":true}]}}