{"id":75244,"date":"2025-07-16T04:03:32","date_gmt":"2025-07-16T04:03:32","guid":{"rendered":"https:\/\/e.kosmolat.eu\/product\/topface-cherie-skidrais-vaigu-sartums-003-6-ml\/"},"modified":"2026-04-22T06:50:32","modified_gmt":"2026-04-22T06:50:32","slug":"topface-cherie-skidrais-vaigu-sartums-003-6-ml","status":"publish","type":"product","link":"https:\/\/e.kosmolat.eu\/lt\/produktas\/topface-cherie-skidrais-vaigu-sartums-003-6-ml\/","title":{"rendered":"TOPFACE Cherie skysti skaistalai 003, 6 ml"},"content":{"rendered":"<p>D\u0117l unikalios \u0161ilkin\u0117s tekst\u016bros ir ilgai i\u0161liekan\u010di\u0173 atspalvi\u0173 skaistalai sukuria nat\u016bral\u0173, gaiv\u0173 ir patraukl\u0173 \u012fvaizd\u012f. Formul\u0117 praturtinta hialurono r\u016bg\u0161timi ir vitaminu E, tod\u0117l u\u017etikrinama prie\u017ei\u016bra ir patogus tepimas specialiu aplikatoriumi. \u0160velnus atspalvis suteikia makia\u017eui rafinuoto elegancijos.<\/p>\n<p>Prie\u0161 naudojim\u0105 gerai suplakti.<\/p>\n","protected":false},"excerpt":{"rendered":"<p>D\u0117l unikalios \u0161ilkin\u0117s tekst\u016bros ir ilgai i\u0161liekan\u010di\u0173 atspalvi\u0173 skaistalai sukuria nat\u016bral\u0173, gaiv\u0173 ir patraukl\u0173 \u012fvaizd\u012f. Formul\u0117 praturtinta hialurono r\u016bg\u0161timi ir vitaminu E, tod\u0117l u\u017etikrinama prie\u017ei\u016bra ir patogus tepimas specialiu aplikatoriumi. \u0160velnus atspalvis suteikia makia\u017eui rafinuoto elegancijos. Prie\u0161 naudojim\u0105 gerai suplakti.<\/p>\n","protected":false},"featured_media":94986,"template":"","meta":[],"product_cat":[2181],"product_tag":[],"class_list":{"0":"post-75244","1":"product","2":"type-product","3":"status-publish","4":"has-post-thumbnail","6":"product_brand-top-face-tr-lt","7":"product_cat-bez-kategorijas-lt","9":"first","10":"instock","11":"taxable","12":"shipping-taxable","13":"product-type-simple"},"_links":{"self":[{"href":"https:\/\/e.kosmolat.eu\/lt\/wp-json\/wp\/v2\/product\/75244","targetHints":{"allow":["GET"]}}],"collection":[{"href":"https:\/\/e.kosmolat.eu\/lt\/wp-json\/wp\/v2\/product"}],"about":[{"href":"https:\/\/e.kosmolat.eu\/lt\/wp-json\/wp\/v2\/types\/product"}],"wp:featuredmedia":[{"embeddable":true,"href":"https:\/\/e.kosmolat.eu\/lt\/wp-json\/wp\/v2\/media\/94986"}],"wp:attachment":[{"href":"https:\/\/e.kosmolat.eu\/lt\/wp-json\/wp\/v2\/media?parent=75244"}],"wp:term":[{"taxonomy":"product_cat","embeddable":true,"href":"https:\/\/e.kosmolat.eu\/lt\/wp-json\/wp\/v2\/product_cat?post=75244"},{"taxonomy":"product_tag","embeddable":true,"href":"https:\/\/e.kosmolat.eu\/lt\/wp-json\/wp\/v2\/product_tag?post=75244"}],"curies":[{"name":"wp","href":"https:\/\/api.w.org\/{rel}","templated":true}]}}