{"id":75220,"date":"2025-07-16T04:02:46","date_gmt":"2025-07-16T04:02:46","guid":{"rendered":"https:\/\/e.kosmolat.eu\/product\/topface-sejas-konturesanas-ota-f05\/"},"modified":"2026-04-01T09:14:37","modified_gmt":"2026-04-01T09:14:37","slug":"topface-sejas-konturesanas-ota-f05","status":"publish","type":"product","link":"https:\/\/e.kosmolat.eu\/lt\/produktas\/topface-sejas-konturesanas-ota-f05\/","title":{"rendered":"TOPFACE kont\u016bravimo \u0161epet\u0117lis F05"},"content":{"rendered":"<p>D\u0117l tankaus u\u017epildo ir mink\u0161t\u0173 \u0161ereli\u0173 \u0161epet\u0117l\u012f galima naudoti su bet kokio tipo veido korekcijos priemon\u0117mis \u2013 pudra, skys\u010diu ar pie\u0161tuku. Pad\u0117kite \u0161epet\u0117lio kirst\u0105 gal\u0105 po skruostikauliu ir i\u0161sklaidykite priemon\u0119. Su\u0161lapinkite \u0161epet\u0117l\u012f \u0161iltu vandeniu. Nuvalykite \u0161erelius pasirinktu valikliu. Kruop\u0161\u010diai nuplaukite \u0161epet\u0117l\u012f. \u0160variu popieriniu rank\u0161luos\u010diu nuspauskite dr\u0117gm\u0117s pertekli\u0173.<\/p>\n","protected":false},"excerpt":{"rendered":"<p>D\u0117l tankaus u\u017epildo ir mink\u0161t\u0173 \u0161ereli\u0173 \u0161epet\u0117l\u012f galima naudoti su bet kokio tipo veido korekcijos priemon\u0117mis \u2013 pudra, skys\u010diu ar pie\u0161tuku. Pad\u0117kite \u0161epet\u0117lio kirst\u0105 gal\u0105 po skruostikauliu ir i\u0161sklaidykite priemon\u0119. Su\u0161lapinkite \u0161epet\u0117l\u012f \u0161iltu vandeniu. Nuvalykite \u0161erelius pasirinktu valikliu. Kruop\u0161\u010diai nuplaukite \u0161epet\u0117l\u012f. \u0160variu popieriniu rank\u0161luos\u010diu nuspauskite dr\u0117gm\u0117s pertekli\u0173.<\/p>\n","protected":false},"featured_media":95610,"template":"","meta":[],"product_cat":[1548],"product_tag":[],"class_list":{"0":"post-75220","1":"product","2":"type-product","3":"status-publish","4":"has-post-thumbnail","6":"product_brand-top-face-tr-lt","7":"product_cat-teptukai","9":"first","10":"instock","11":"taxable","12":"shipping-taxable","13":"product-type-simple"},"_links":{"self":[{"href":"https:\/\/e.kosmolat.eu\/lt\/wp-json\/wp\/v2\/product\/75220","targetHints":{"allow":["GET"]}}],"collection":[{"href":"https:\/\/e.kosmolat.eu\/lt\/wp-json\/wp\/v2\/product"}],"about":[{"href":"https:\/\/e.kosmolat.eu\/lt\/wp-json\/wp\/v2\/types\/product"}],"wp:featuredmedia":[{"embeddable":true,"href":"https:\/\/e.kosmolat.eu\/lt\/wp-json\/wp\/v2\/media\/95610"}],"wp:attachment":[{"href":"https:\/\/e.kosmolat.eu\/lt\/wp-json\/wp\/v2\/media?parent=75220"}],"wp:term":[{"taxonomy":"product_cat","embeddable":true,"href":"https:\/\/e.kosmolat.eu\/lt\/wp-json\/wp\/v2\/product_cat?post=75220"},{"taxonomy":"product_tag","embeddable":true,"href":"https:\/\/e.kosmolat.eu\/lt\/wp-json\/wp\/v2\/product_tag?post=75220"}],"curies":[{"name":"wp","href":"https:\/\/api.w.org\/{rel}","templated":true}]}}