{"id":75212,"date":"2025-07-16T04:02:31","date_gmt":"2025-07-16T04:02:31","guid":{"rendered":"https:\/\/e.kosmolat.eu\/product\/topface-ota-tonala-krema-uzklasanai-f03\/"},"modified":"2026-04-01T09:14:26","modified_gmt":"2026-04-01T09:14:26","slug":"topface-ota-tonala-krema-uzklasanai-f03","status":"publish","type":"product","link":"https:\/\/e.kosmolat.eu\/lt\/produktas\/topface-ota-tonala-krema-uzklasanai-f03\/","title":{"rendered":"TOPFACE makia\u017eo pagrindo teptukas F03"},"content":{"rendered":"<p>\u0160is \u0161epet\u0117lis naudojamas skystiems ir kreminiams makia\u017eo pagrindams. Ilgi \u0161ereliai tolygiai paskirsto priemon\u0119 po vis\u0105 veid\u0105, o trumpi padeda j\u0105 puikiai i\u0161sklaidyti. Sudr\u0117kinkite \u0161epet\u0117l\u012f \u0161iltu vandeniu. Nuvalykite \u0161erelius pasirinktu prausikliu. Kruop\u0161\u010diai nuplaukite \u0161epet\u0117l\u012f. \u0160variu popieriniu rank\u0161luos\u010diu nuspauskite dr\u0117gm\u0117s pertekli\u0173.<\/p>\n","protected":false},"excerpt":{"rendered":"<p>\u0160is \u0161epet\u0117lis naudojamas skystiems ir kreminiams makia\u017eo pagrindams. Ilgi \u0161ereliai tolygiai paskirsto priemon\u0119 po vis\u0105 veid\u0105, o trumpi padeda j\u0105 puikiai i\u0161sklaidyti. Sudr\u0117kinkite \u0161epet\u0117l\u012f \u0161iltu vandeniu. Nuvalykite \u0161erelius pasirinktu prausikliu. Kruop\u0161\u010diai nuplaukite \u0161epet\u0117l\u012f. \u0160variu popieriniu rank\u0161luos\u010diu nuspauskite dr\u0117gm\u0117s pertekli\u0173.<\/p>\n","protected":false},"featured_media":95606,"template":"","meta":[],"product_cat":[1548],"product_tag":[],"class_list":{"0":"post-75212","1":"product","2":"type-product","3":"status-publish","4":"has-post-thumbnail","6":"product_brand-top-face-tr-lt","7":"product_cat-teptukai","9":"first","10":"outofstock","11":"taxable","12":"shipping-taxable","13":"product-type-simple"},"_links":{"self":[{"href":"https:\/\/e.kosmolat.eu\/lt\/wp-json\/wp\/v2\/product\/75212","targetHints":{"allow":["GET"]}}],"collection":[{"href":"https:\/\/e.kosmolat.eu\/lt\/wp-json\/wp\/v2\/product"}],"about":[{"href":"https:\/\/e.kosmolat.eu\/lt\/wp-json\/wp\/v2\/types\/product"}],"wp:featuredmedia":[{"embeddable":true,"href":"https:\/\/e.kosmolat.eu\/lt\/wp-json\/wp\/v2\/media\/95606"}],"wp:attachment":[{"href":"https:\/\/e.kosmolat.eu\/lt\/wp-json\/wp\/v2\/media?parent=75212"}],"wp:term":[{"taxonomy":"product_cat","embeddable":true,"href":"https:\/\/e.kosmolat.eu\/lt\/wp-json\/wp\/v2\/product_cat?post=75212"},{"taxonomy":"product_tag","embeddable":true,"href":"https:\/\/e.kosmolat.eu\/lt\/wp-json\/wp\/v2\/product_tag?post=75212"}],"curies":[{"name":"wp","href":"https:\/\/api.w.org\/{rel}","templated":true}]}}