{"id":75204,"date":"2025-07-16T04:02:14","date_gmt":"2025-07-16T04:02:14","guid":{"rendered":"https:\/\/e.kosmolat.eu\/product\/topface-ota-pudera-uzklasanai-f01\/"},"modified":"2026-04-01T09:14:16","modified_gmt":"2026-04-01T09:14:16","slug":"topface-ota-pudera-uzklasanai-f01","status":"publish","type":"product","link":"https:\/\/e.kosmolat.eu\/lt\/produktas\/topface-ota-pudera-uzklasanai-f01\/","title":{"rendered":"TOPFACE pudros teptukas F01"},"content":{"rendered":"<p>\u0160is \u0161epet\u0117lis su tankiai i\u0161d\u0117stytais ir mink\u0161tais \u0161ereliais specialiai sukurtas vis\u0173 tip\u0173 pudroms. \u0160epet\u0117lio galiuku sukamaisiais judesiais tepkite pudr\u0105 ant viso veido. Sudr\u0117kinkite \u0161epet\u0117l\u012f \u0161iltu vandeniu. Nuvalykite \u0161erelius pasirinktu prausikliu. Kruop\u0161\u010diai nuplaukite \u0161epet\u0117l\u012f. \u0160variu popieriniu rank\u0161luos\u010diu nuspauskite dr\u0117gm\u0117s pertekli\u0173.<\/p>\n","protected":false},"excerpt":{"rendered":"<p>\u0160is \u0161epet\u0117lis su tankiai i\u0161d\u0117stytais ir mink\u0161tais \u0161ereliais specialiai sukurtas vis\u0173 tip\u0173 pudroms. \u0160epet\u0117lio galiuku sukamaisiais judesiais tepkite pudr\u0105 ant viso veido. Sudr\u0117kinkite \u0161epet\u0117l\u012f \u0161iltu vandeniu. Nuvalykite \u0161erelius pasirinktu prausikliu. Kruop\u0161\u010diai nuplaukite \u0161epet\u0117l\u012f. \u0160variu popieriniu rank\u0161luos\u010diu nuspauskite dr\u0117gm\u0117s pertekli\u0173.<\/p>\n","protected":false},"featured_media":95602,"template":"","meta":[],"product_cat":[1548],"product_tag":[],"class_list":{"0":"post-75204","1":"product","2":"type-product","3":"status-publish","4":"has-post-thumbnail","6":"product_brand-top-face-tr-lt","7":"product_cat-teptukai","9":"first","10":"outofstock","11":"taxable","12":"shipping-taxable","13":"product-type-simple"},"_links":{"self":[{"href":"https:\/\/e.kosmolat.eu\/lt\/wp-json\/wp\/v2\/product\/75204","targetHints":{"allow":["GET"]}}],"collection":[{"href":"https:\/\/e.kosmolat.eu\/lt\/wp-json\/wp\/v2\/product"}],"about":[{"href":"https:\/\/e.kosmolat.eu\/lt\/wp-json\/wp\/v2\/types\/product"}],"wp:featuredmedia":[{"embeddable":true,"href":"https:\/\/e.kosmolat.eu\/lt\/wp-json\/wp\/v2\/media\/95602"}],"wp:attachment":[{"href":"https:\/\/e.kosmolat.eu\/lt\/wp-json\/wp\/v2\/media?parent=75204"}],"wp:term":[{"taxonomy":"product_cat","embeddable":true,"href":"https:\/\/e.kosmolat.eu\/lt\/wp-json\/wp\/v2\/product_cat?post=75204"},{"taxonomy":"product_tag","embeddable":true,"href":"https:\/\/e.kosmolat.eu\/lt\/wp-json\/wp\/v2\/product_tag?post=75204"}],"curies":[{"name":"wp","href":"https:\/\/api.w.org\/{rel}","templated":true}]}}