{"id":75196,"date":"2025-07-16T04:01:59","date_gmt":"2025-07-16T04:01:59","guid":{"rendered":"https:\/\/e.kosmolat.eu\/product\/topface-attiross-micelarais-udens-vis-ad-tip-150-ml\/"},"modified":"2026-04-22T11:47:06","modified_gmt":"2026-04-22T11:47:06","slug":"topface-attiross-micelarais-udens-vis-ad-tip-150-ml","status":"publish","type":"product","link":"https:\/\/e.kosmolat.eu\/lt\/produktas\/topface-attiross-micelarais-udens-vis-ad-tip-150-ml\/","title":{"rendered":"TOPFACE valomasis micelinis vanduo visiems odos tipams, 150 ml"},"content":{"rendered":"<p>Naudojimas: \u0160velniai u\u017etepkite ant veido, kaklo, l\u016bp\u0173 ir aplink akis vatos diskeliu. Nuplauti nereikia.<\/p>\n<p>\u012esp\u0117jimas: Jei pasikei\u010dia kvapas ar i\u0161vaizda, nutraukite naudojim\u0105. Tik i\u0161oriniam naudojimui. Saugoti nuo tiesiogini\u0173 saul\u0117s spinduli\u0173. Laikyti vaikams nepasiekiamoje vietoje.<\/p>\n","protected":false},"excerpt":{"rendered":"<p>Naudojimas: \u0160velniai u\u017etepkite ant veido, kaklo, l\u016bp\u0173 ir aplink akis vatos diskeliu. Nuplauti nereikia. \u012esp\u0117jimas: Jei pasikei\u010dia kvapas ar i\u0161vaizda, nutraukite naudojim\u0105. Tik i\u0161oriniam naudojimui. Saugoti nuo tiesiogini\u0173 saul\u0117s spinduli\u0173. Laikyti vaikams nepasiekiamoje vietoje.<\/p>\n","protected":false},"featured_media":95490,"template":"","meta":[],"product_cat":[2181],"product_tag":[],"class_list":{"0":"post-75196","1":"product","2":"type-product","3":"status-publish","4":"has-post-thumbnail","6":"product_brand-top-face-tr-lt","7":"product_cat-bez-kategorijas-lt","9":"first","10":"instock","11":"taxable","12":"shipping-taxable","13":"product-type-simple"},"_links":{"self":[{"href":"https:\/\/e.kosmolat.eu\/lt\/wp-json\/wp\/v2\/product\/75196","targetHints":{"allow":["GET"]}}],"collection":[{"href":"https:\/\/e.kosmolat.eu\/lt\/wp-json\/wp\/v2\/product"}],"about":[{"href":"https:\/\/e.kosmolat.eu\/lt\/wp-json\/wp\/v2\/types\/product"}],"wp:featuredmedia":[{"embeddable":true,"href":"https:\/\/e.kosmolat.eu\/lt\/wp-json\/wp\/v2\/media\/95490"}],"wp:attachment":[{"href":"https:\/\/e.kosmolat.eu\/lt\/wp-json\/wp\/v2\/media?parent=75196"}],"wp:term":[{"taxonomy":"product_cat","embeddable":true,"href":"https:\/\/e.kosmolat.eu\/lt\/wp-json\/wp\/v2\/product_cat?post=75196"},{"taxonomy":"product_tag","embeddable":true,"href":"https:\/\/e.kosmolat.eu\/lt\/wp-json\/wp\/v2\/product_tag?post=75196"}],"curies":[{"name":"wp","href":"https:\/\/api.w.org\/{rel}","templated":true}]}}