{"id":75188,"date":"2025-07-16T04:01:44","date_gmt":"2025-07-16T04:01:44","guid":{"rendered":"https:\/\/e.kosmolat.eu\/product\/topface-divfazu-lidzeklis-kosmetikas-nonems-vis-ad-tip-100-ml\/"},"modified":"2026-04-11T19:12:35","modified_gmt":"2026-04-11T19:12:35","slug":"topface-divfazu-lidzeklis-kosmetikas-nonems-vis-ad-tip-100-ml","status":"publish","type":"product","link":"https:\/\/e.kosmolat.eu\/lt\/produktas\/topface-divfazu-lidzeklis-kosmetikas-nonems-vis-ad-tip-100-ml\/","title":{"rendered":"TOPFACE Dvifazis makia\u017eo valiklis visiems odos tipams, 100 ml"},"content":{"rendered":"<p>Naudojimo instrukcijos: Prie\u0161 naudojim\u0105 buteliuk\u0105 suplakite, kad suaktyvintum\u0117te dvifaz\u0119 formul\u0119. U\u017ela\u0161inkite kelis la\u0161us ant vatos diskelio. Palaikykite 5\u201310 sekund\u017ei\u0173, tada \u0161velniai nuvalykite veid\u0105, kad pa\u0161alintum\u0117te visus makia\u017eo liku\u010dius.<\/p>\n<p>Atsargumo priemon\u0117s: Jei pasikei\u010dia kvapas ar i\u0161vaizda, nutraukite naudojim\u0105. Tik i\u0161oriniam naudojimui. Naudokite veido odai. Saugoti nuo tiesiogini\u0173 saul\u0117s spinduli\u0173. Laikyti vaikams nepasiekiamoje vietoje.<\/p>\n","protected":false},"excerpt":{"rendered":"<p>Naudojimo instrukcijos: Prie\u0161 naudojim\u0105 buteliuk\u0105 suplakite, kad suaktyvintum\u0117te dvifaz\u0119 formul\u0119. U\u017ela\u0161inkite kelis la\u0161us ant vatos diskelio. Palaikykite 5\u201310 sekund\u017ei\u0173, tada \u0161velniai nuvalykite veid\u0105, kad pa\u0161alintum\u0117te visus makia\u017eo liku\u010dius. Atsargumo priemon\u0117s: Jei pasikei\u010dia kvapas ar i\u0161vaizda, nutraukite naudojim\u0105. Tik i\u0161oriniam naudojimui. Naudokite veido odai. Saugoti nuo tiesiogini\u0173 saul\u0117s spinduli\u0173. Laikyti vaikams nepasiekiamoje vietoje.<\/p>\n","protected":false},"featured_media":95486,"template":"","meta":[],"product_cat":[1574],"product_tag":[],"class_list":{"0":"post-75188","1":"product","2":"type-product","3":"status-publish","4":"has-post-thumbnail","6":"product_brand-top-face-tr-lt","7":"product_cat-pieneliai-ir-aliejai","9":"first","10":"instock","11":"taxable","12":"shipping-taxable","13":"product-type-simple"},"_links":{"self":[{"href":"https:\/\/e.kosmolat.eu\/lt\/wp-json\/wp\/v2\/product\/75188","targetHints":{"allow":["GET"]}}],"collection":[{"href":"https:\/\/e.kosmolat.eu\/lt\/wp-json\/wp\/v2\/product"}],"about":[{"href":"https:\/\/e.kosmolat.eu\/lt\/wp-json\/wp\/v2\/types\/product"}],"wp:featuredmedia":[{"embeddable":true,"href":"https:\/\/e.kosmolat.eu\/lt\/wp-json\/wp\/v2\/media\/95486"}],"wp:attachment":[{"href":"https:\/\/e.kosmolat.eu\/lt\/wp-json\/wp\/v2\/media?parent=75188"}],"wp:term":[{"taxonomy":"product_cat","embeddable":true,"href":"https:\/\/e.kosmolat.eu\/lt\/wp-json\/wp\/v2\/product_cat?post=75188"},{"taxonomy":"product_tag","embeddable":true,"href":"https:\/\/e.kosmolat.eu\/lt\/wp-json\/wp\/v2\/product_tag?post=75188"}],"curies":[{"name":"wp","href":"https:\/\/api.w.org\/{rel}","templated":true}]}}