{"id":75180,"date":"2025-07-16T04:01:26","date_gmt":"2025-07-16T04:01:26","guid":{"rendered":"https:\/\/e.kosmolat.eu\/product\/topface-skinglow-vitamin-c-sejas-serums-ar-c-vitaminu-vis-ad-tip-30-ml\/"},"modified":"2026-04-11T19:12:04","modified_gmt":"2026-04-11T19:12:04","slug":"topface-skinglow-vitamin-c-sejas-serums-ar-c-vitaminu-vis-ad-tip-30-ml","status":"publish","type":"product","link":"https:\/\/e.kosmolat.eu\/lt\/produktas\/topface-skinglow-vitamin-c-sejas-serums-ar-c-vitaminu-vis-ad-tip-30-ml\/","title":{"rendered":"TOPFACE Skin Glow Vitamin C veido serumas su vitaminu C visiems odos tipams, 30 ml"},"content":{"rendered":"<p>Serumas pasitelkia ne\u012ftik\u0117tinas maitinam\u0105sias gamtos galias, kad veikli\u0173j\u0173 med\u017eiag\u0173 nauda b\u016bt\u0173 tiesiogiai perduodama j\u016bs\u0173 odai. Praturtintas vitaminu C, augal\u0173 ekstraktais ir mineralais turtingu \u0161altinio vandeniu, \u0161is serumas giliai dr\u0117kina, suvienodina odos atspalv\u012f ir skaistina tamsias d\u0117mes.<\/p>\n<p>Naudojimas: Prie\u0161 naudojim\u0105 gerai suplakite. U\u017etepkite kelis la\u0161us ant \u0161varios veido ir kaklo odos ir paskirstykite sukamaisiais judesiais. Naudokite ryte ir vakare. Tinka visiems odos tipams.<\/p>\n","protected":false},"excerpt":{"rendered":"<p>Serumas pasitelkia ne\u012ftik\u0117tinas maitinam\u0105sias gamtos galias, kad veikli\u0173j\u0173 med\u017eiag\u0173 nauda b\u016bt\u0173 tiesiogiai perduodama j\u016bs\u0173 odai. Praturtintas vitaminu C, augal\u0173 ekstraktais ir mineralais turtingu \u0161altinio vandeniu, \u0161is serumas giliai dr\u0117kina, suvienodina odos atspalv\u012f ir skaistina tamsias d\u0117mes. Naudojimas: Prie\u0161 naudojim\u0105 gerai suplakite. U\u017etepkite kelis la\u0161us ant \u0161varios veido ir kaklo odos ir paskirstykite sukamaisiais judesiais. Naudokite [&#8230;]\n","protected":false},"featured_media":95478,"template":"","meta":[],"product_cat":[1327],"product_tag":[],"class_list":{"0":"post-75180","1":"product","2":"type-product","3":"status-publish","4":"has-post-thumbnail","6":"product_brand-top-face-tr-lt","7":"product_cat-serumai","9":"first","10":"outofstock","11":"taxable","12":"shipping-taxable","13":"product-type-simple"},"_links":{"self":[{"href":"https:\/\/e.kosmolat.eu\/lt\/wp-json\/wp\/v2\/product\/75180","targetHints":{"allow":["GET"]}}],"collection":[{"href":"https:\/\/e.kosmolat.eu\/lt\/wp-json\/wp\/v2\/product"}],"about":[{"href":"https:\/\/e.kosmolat.eu\/lt\/wp-json\/wp\/v2\/types\/product"}],"wp:featuredmedia":[{"embeddable":true,"href":"https:\/\/e.kosmolat.eu\/lt\/wp-json\/wp\/v2\/media\/95478"}],"wp:attachment":[{"href":"https:\/\/e.kosmolat.eu\/lt\/wp-json\/wp\/v2\/media?parent=75180"}],"wp:term":[{"taxonomy":"product_cat","embeddable":true,"href":"https:\/\/e.kosmolat.eu\/lt\/wp-json\/wp\/v2\/product_cat?post=75180"},{"taxonomy":"product_tag","embeddable":true,"href":"https:\/\/e.kosmolat.eu\/lt\/wp-json\/wp\/v2\/product_tag?post=75180"}],"curies":[{"name":"wp","href":"https:\/\/api.w.org\/{rel}","templated":true}]}}