{"id":75172,"date":"2025-07-16T04:01:11","date_gmt":"2025-07-16T04:01:11","guid":{"rendered":"https:\/\/e.kosmolat.eu\/product\/topface-skin-glow-vegan-collagen-sejas-serums-ar-kolagenu-vis-ad-tip-30-ml\/"},"modified":"2026-04-11T19:11:50","modified_gmt":"2026-04-11T19:11:50","slug":"topface-skin-glow-vegan-collagen-sejas-serums-ar-kolagenu-vis-ad-tip-30-ml","status":"publish","type":"product","link":"https:\/\/e.kosmolat.eu\/lt\/produktas\/topface-skin-glow-vegan-collagen-sejas-serums-ar-kolagenu-vis-ad-tip-30-ml\/","title":{"rendered":"TOPFACE Skin Glow Vegan Collagen veido serumas su kolagenu visiems odos tipams, 30 ml"},"content":{"rendered":"<p>Novatori\u0161ka serumo formul\u0117 sudaryta i\u0161 augalin\u0117s kilm\u0117s kolageno molekuli\u0173, kurios atkuria od\u0105. Vegani\u0161kas kolagenas padeda kovoti su rauk\u0161l\u0117mis, skatina odos atsinaujinim\u0105, o sud\u0117tyje esantys prebiotikai prisotina j\u0105 naudingomis maistin\u0117mis med\u017eiagomis. Labai mineralizuotas vandenyno vanduo veiksmingai suma\u017eina poras, suteikdamas odai elastingesn\u0119, gaivesn\u0119 ir sveikesn\u0119 i\u0161vaizd\u0105.<\/p>\n<p>Naudojimas: Prie\u0161 naudojim\u0105 gerai suplakite. U\u017etepkite kelis la\u0161us ant \u0161varios veido ir kaklo odos ir paskirstykite sukamaisiais judesiais. Naudokite ryte ir vakare. Tinka visiems odos tipams.<\/p>\n","protected":false},"excerpt":{"rendered":"<p>Novatori\u0161ka serumo formul\u0117 sudaryta i\u0161 augalin\u0117s kilm\u0117s kolageno molekuli\u0173, kurios atkuria od\u0105. Vegani\u0161kas kolagenas padeda kovoti su rauk\u0161l\u0117mis, skatina odos atsinaujinim\u0105, o sud\u0117tyje esantys prebiotikai prisotina j\u0105 naudingomis maistin\u0117mis med\u017eiagomis. Labai mineralizuotas vandenyno vanduo veiksmingai suma\u017eina poras, suteikdamas odai elastingesn\u0119, gaivesn\u0119 ir sveikesn\u0119 i\u0161vaizd\u0105. Naudojimas: Prie\u0161 naudojim\u0105 gerai suplakite. U\u017etepkite kelis la\u0161us ant \u0161varios veido [&#8230;]\n","protected":false},"featured_media":95474,"template":"","meta":[],"product_cat":[1327],"product_tag":[],"class_list":{"0":"post-75172","1":"product","2":"type-product","3":"status-publish","4":"has-post-thumbnail","6":"product_brand-top-face-tr-lt","7":"product_cat-serumai","9":"first","10":"outofstock","11":"taxable","12":"shipping-taxable","13":"product-type-simple"},"_links":{"self":[{"href":"https:\/\/e.kosmolat.eu\/lt\/wp-json\/wp\/v2\/product\/75172","targetHints":{"allow":["GET"]}}],"collection":[{"href":"https:\/\/e.kosmolat.eu\/lt\/wp-json\/wp\/v2\/product"}],"about":[{"href":"https:\/\/e.kosmolat.eu\/lt\/wp-json\/wp\/v2\/types\/product"}],"wp:featuredmedia":[{"embeddable":true,"href":"https:\/\/e.kosmolat.eu\/lt\/wp-json\/wp\/v2\/media\/95474"}],"wp:attachment":[{"href":"https:\/\/e.kosmolat.eu\/lt\/wp-json\/wp\/v2\/media?parent=75172"}],"wp:term":[{"taxonomy":"product_cat","embeddable":true,"href":"https:\/\/e.kosmolat.eu\/lt\/wp-json\/wp\/v2\/product_cat?post=75172"},{"taxonomy":"product_tag","embeddable":true,"href":"https:\/\/e.kosmolat.eu\/lt\/wp-json\/wp\/v2\/product_tag?post=75172"}],"curies":[{"name":"wp","href":"https:\/\/api.w.org\/{rel}","templated":true}]}}