{"id":75164,"date":"2025-07-16T04:00:56","date_gmt":"2025-07-16T04:00:56","guid":{"rendered":"https:\/\/e.kosmolat.eu\/product\/topface-uzacu-vasks-caurspids-10-g\/"},"modified":"2025-09-20T08:04:28","modified_gmt":"2025-09-20T08:04:28","slug":"topface-uzacu-vasks-caurspids-10-g","status":"publish","type":"product","link":"https:\/\/e.kosmolat.eu\/lt\/produktas\/topface-uzacu-vasks-caurspids-10-g\/","title":{"rendered":"TOPFACE antaki\u0173 va\u0161kas skaidrus, 10 g"},"content":{"rendered":"<p>Sukuria norim\u0105 antaki\u0173 form\u0105 ir i\u0161laiko j\u0105 vis\u0105 dien\u0105, suteikdamas antakiams putlesn\u0119 ir labiau pri\u017ei\u016br\u0117t\u0105 i\u0161vaizd\u0105. Suteikia ry\u0161kesn\u0119 veido i\u0161rai\u0161k\u0105, pad\u0117damas atrodyti taip, kaip norite. Skaidri, lengva tekst\u016bra leid\u017eia lengvai formuoti. D\u0117l sud\u0117tyje esan\u010dio argan\u0173 aliejaus ir provitamino B5 padeda sustiprinti antakius ir juos puosel\u0117ti.<\/p>\n<p>Naudojimas: Reguliuokite sulankstom\u0105 \u0161epet\u0117l\u012f ir \u012fsitikinkite, kad ant jo u\u017etepamas nedidelis kiekis priemon\u0117s. \u0160epet\u0117liu suteikite antakiams norim\u0105 form\u0105. Prie\u0161 tepant makia\u017e\u0105, od\u0105 reikia nuvalyti.<\/p>\n<p>Aplikatorius yra d\u0117\u017eut\u0117je.<\/p>\n","protected":false},"excerpt":{"rendered":"<p>Sukuria norim\u0105 antaki\u0173 form\u0105 ir i\u0161laiko j\u0105 vis\u0105 dien\u0105, suteikdamas antakiams putlesn\u0119 ir labiau pri\u017ei\u016br\u0117t\u0105 i\u0161vaizd\u0105. Suteikia ry\u0161kesn\u0119 veido i\u0161rai\u0161k\u0105, pad\u0117damas atrodyti taip, kaip norite. Skaidri, lengva tekst\u016bra leid\u017eia lengvai formuoti. D\u0117l sud\u0117tyje esan\u010dio argan\u0173 aliejaus ir provitamino B5 padeda sustiprinti antakius ir juos puosel\u0117ti. Naudojimas: Reguliuokite sulankstom\u0105 \u0161epet\u0117l\u012f ir \u012fsitikinkite, kad ant jo u\u017etepamas [&#8230;]\n","protected":false},"featured_media":95470,"template":"","meta":[],"product_cat":[1508],"product_tag":[],"class_list":{"0":"post-75164","1":"product","2":"type-product","3":"status-publish","4":"has-post-thumbnail","6":"product_brand-top-face-tr-lt","7":"product_cat-antakiams","9":"first","10":"outofstock","11":"taxable","12":"shipping-taxable","13":"product-type-simple"},"_links":{"self":[{"href":"https:\/\/e.kosmolat.eu\/lt\/wp-json\/wp\/v2\/product\/75164","targetHints":{"allow":["GET"]}}],"collection":[{"href":"https:\/\/e.kosmolat.eu\/lt\/wp-json\/wp\/v2\/product"}],"about":[{"href":"https:\/\/e.kosmolat.eu\/lt\/wp-json\/wp\/v2\/types\/product"}],"wp:featuredmedia":[{"embeddable":true,"href":"https:\/\/e.kosmolat.eu\/lt\/wp-json\/wp\/v2\/media\/95470"}],"wp:attachment":[{"href":"https:\/\/e.kosmolat.eu\/lt\/wp-json\/wp\/v2\/media?parent=75164"}],"wp:term":[{"taxonomy":"product_cat","embeddable":true,"href":"https:\/\/e.kosmolat.eu\/lt\/wp-json\/wp\/v2\/product_cat?post=75164"},{"taxonomy":"product_tag","embeddable":true,"href":"https:\/\/e.kosmolat.eu\/lt\/wp-json\/wp\/v2\/product_tag?post=75164"}],"curies":[{"name":"wp","href":"https:\/\/api.w.org\/{rel}","templated":true}]}}