{"id":75148,"date":"2025-07-16T04:00:25","date_gmt":"2025-07-16T04:00:25","guid":{"rendered":"https:\/\/e.kosmolat.eu\/product\/topface-always-glowing-grima-fiksejosais-aerosols-100-ml\/"},"modified":"2026-04-11T19:11:23","modified_gmt":"2026-04-11T19:11:23","slug":"topface-always-glowing-grima-fiksejosais-aerosols-100-ml","status":"publish","type":"product","link":"https:\/\/e.kosmolat.eu\/lt\/produktas\/topface-always-glowing-grima-fiksejosais-aerosols-100-ml\/","title":{"rendered":"TOPFACE Always Glowing makia\u017eo fiksavimo pur\u0161kiklis su hialurono r\u016bg\u0161timi, 100 ml"},"content":{"rendered":"<p>Prie\u0161 naudojant pakratykite. Tobulam makia\u017eo pagrindui arba makia\u017eo fiksavimui, purk\u0161kite 3\u20134 kartus, laikydami buteliuk\u0105 20\u201325 cm atstumu nuo veido. Laikyti vaikams nepasiekiamoje vietoje.<\/p>\n","protected":false},"excerpt":{"rendered":"<p>Prie\u0161 naudojant pakratykite. Tobulam makia\u017eo pagrindui arba makia\u017eo fiksavimui, purk\u0161kite 3\u20134 kartus, laikydami buteliuk\u0105 20\u201325 cm atstumu nuo veido. Laikyti vaikams nepasiekiamoje vietoje.<\/p>\n","protected":false},"featured_media":95462,"template":"","meta":[],"product_cat":[1599],"product_tag":[],"class_list":{"0":"post-75148","1":"product","2":"type-product","3":"status-publish","4":"has-post-thumbnail","6":"product_brand-top-face-tr-lt","7":"product_cat-aliejai-ir-kitos-specifines-priemones","9":"first","10":"outofstock","11":"taxable","12":"shipping-taxable","13":"product-type-simple"},"_links":{"self":[{"href":"https:\/\/e.kosmolat.eu\/lt\/wp-json\/wp\/v2\/product\/75148","targetHints":{"allow":["GET"]}}],"collection":[{"href":"https:\/\/e.kosmolat.eu\/lt\/wp-json\/wp\/v2\/product"}],"about":[{"href":"https:\/\/e.kosmolat.eu\/lt\/wp-json\/wp\/v2\/types\/product"}],"wp:featuredmedia":[{"embeddable":true,"href":"https:\/\/e.kosmolat.eu\/lt\/wp-json\/wp\/v2\/media\/95462"}],"wp:attachment":[{"href":"https:\/\/e.kosmolat.eu\/lt\/wp-json\/wp\/v2\/media?parent=75148"}],"wp:term":[{"taxonomy":"product_cat","embeddable":true,"href":"https:\/\/e.kosmolat.eu\/lt\/wp-json\/wp\/v2\/product_cat?post=75148"},{"taxonomy":"product_tag","embeddable":true,"href":"https:\/\/e.kosmolat.eu\/lt\/wp-json\/wp\/v2\/product_tag?post=75148"}],"curies":[{"name":"wp","href":"https:\/\/api.w.org\/{rel}","templated":true}]}}