{"id":75143,"date":"2025-07-14T08:36:29","date_gmt":"2025-07-14T08:36:29","guid":{"rendered":"https:\/\/e.kosmolat.eu\/?post_type=product&#038;p=75143"},"modified":"2026-04-14T12:28:49","modified_gmt":"2026-04-14T12:28:49","slug":"cellojumu-futlaris-zobu-birstei-un-pastai-6057","status":"publish","type":"product","link":"https:\/\/e.kosmolat.eu\/lt\/produktas\/cellojumu-futlaris-zobu-birstei-un-pastai-6057\/","title":{"rendered":"DONEGAL kelioninis d\u0117klas dant\u0173 \u0161epet\u0117liui ir dant\u0173 pastai 6057"},"content":{"rendered":"","protected":false},"excerpt":{"rendered":"","protected":false},"featured_media":95862,"template":"","meta":[],"product_cat":[2181],"product_tag":[],"class_list":{"0":"post-75143","1":"product","2":"type-product","3":"status-publish","4":"has-post-thumbnail","6":"product_brand-donegal-sp-zo-o-_pl-lt","7":"product_cat-bez-kategorijas-lt","9":"first","10":"instock","11":"taxable","12":"shipping-taxable","13":"product-type-simple"},"_links":{"self":[{"href":"https:\/\/e.kosmolat.eu\/lt\/wp-json\/wp\/v2\/product\/75143","targetHints":{"allow":["GET"]}}],"collection":[{"href":"https:\/\/e.kosmolat.eu\/lt\/wp-json\/wp\/v2\/product"}],"about":[{"href":"https:\/\/e.kosmolat.eu\/lt\/wp-json\/wp\/v2\/types\/product"}],"wp:featuredmedia":[{"embeddable":true,"href":"https:\/\/e.kosmolat.eu\/lt\/wp-json\/wp\/v2\/media\/95862"}],"wp:attachment":[{"href":"https:\/\/e.kosmolat.eu\/lt\/wp-json\/wp\/v2\/media?parent=75143"}],"wp:term":[{"taxonomy":"product_cat","embeddable":true,"href":"https:\/\/e.kosmolat.eu\/lt\/wp-json\/wp\/v2\/product_cat?post=75143"},{"taxonomy":"product_tag","embeddable":true,"href":"https:\/\/e.kosmolat.eu\/lt\/wp-json\/wp\/v2\/product_tag?post=75143"}],"curies":[{"name":"wp","href":"https:\/\/api.w.org\/{rel}","templated":true}]}}