{"id":75134,"date":"2025-07-12T04:05:25","date_gmt":"2025-07-12T04:05:25","guid":{"rendered":"https:\/\/e.kosmolat.eu\/product\/topface-longlasting-udensnoturigs-acu-laineris-oglmelns-2-5-ml\/"},"modified":"2026-04-22T06:52:22","modified_gmt":"2026-04-22T06:52:22","slug":"topface-longlasting-udensnoturigs-acu-laineris-oglmelns-2-5-ml","status":"publish","type":"product","link":"https:\/\/e.kosmolat.eu\/lt\/produktas\/topface-longlasting-udensnoturigs-acu-laineris-oglmelns-2-5-ml\/","title":{"rendered":"TOPFACE Longlasting vandeniui atsparus aki\u0173 pie\u0161tukas spalva juoda anglis, 2,5 ml"},"content":{"rendered":"<p>Pary\u0161kinkite akis intensyvia juoda spalva. D\u0117l specialios vandeniui atsparios formul\u0117s j\u016bs\u0173 makia\u017eas i\u0161liks nepriekai\u0161tingas vis\u0105 dien\u0105. Silikoninis \u0161epet\u0117lis u\u017etikrina tobul\u0105 padengim\u0105.<\/p>\n<p>Tik i\u0161oriniam naudojimui. Laikyti 20\u201325 \u00b0C temperat\u016broje, toliau nuo tiesiogini\u0173 saul\u0117s spinduli\u0173. Laikyti vaikams nepasiekiamoje vietoje.<\/p>\n","protected":false},"excerpt":{"rendered":"<p>Pary\u0161kinkite akis intensyvia juoda spalva. D\u0117l specialios vandeniui atsparios formul\u0117s j\u016bs\u0173 makia\u017eas i\u0161liks nepriekai\u0161tingas vis\u0105 dien\u0105. Silikoninis \u0161epet\u0117lis u\u017etikrina tobul\u0105 padengim\u0105. Tik i\u0161oriniam naudojimui. Laikyti 20\u201325 \u00b0C temperat\u016broje, toliau nuo tiesiogini\u0173 saul\u0117s spinduli\u0173. Laikyti vaikams nepasiekiamoje vietoje.<\/p>\n","protected":false},"featured_media":95186,"template":"","meta":[],"product_cat":[2181],"product_tag":[],"class_list":{"0":"post-75134","1":"product","2":"type-product","3":"status-publish","4":"has-post-thumbnail","6":"product_brand-top-face-tr-lt","7":"product_cat-bez-kategorijas-lt","9":"first","10":"instock","11":"taxable","12":"shipping-taxable","13":"product-type-simple"},"_links":{"self":[{"href":"https:\/\/e.kosmolat.eu\/lt\/wp-json\/wp\/v2\/product\/75134","targetHints":{"allow":["GET"]}}],"collection":[{"href":"https:\/\/e.kosmolat.eu\/lt\/wp-json\/wp\/v2\/product"}],"about":[{"href":"https:\/\/e.kosmolat.eu\/lt\/wp-json\/wp\/v2\/types\/product"}],"wp:featuredmedia":[{"embeddable":true,"href":"https:\/\/e.kosmolat.eu\/lt\/wp-json\/wp\/v2\/media\/95186"}],"wp:attachment":[{"href":"https:\/\/e.kosmolat.eu\/lt\/wp-json\/wp\/v2\/media?parent=75134"}],"wp:term":[{"taxonomy":"product_cat","embeddable":true,"href":"https:\/\/e.kosmolat.eu\/lt\/wp-json\/wp\/v2\/product_cat?post=75134"},{"taxonomy":"product_tag","embeddable":true,"href":"https:\/\/e.kosmolat.eu\/lt\/wp-json\/wp\/v2\/product_tag?post=75134"}],"curies":[{"name":"wp","href":"https:\/\/api.w.org\/{rel}","templated":true}]}}