{"id":75126,"date":"2025-07-12T04:05:08","date_gmt":"2025-07-12T04:05:08","guid":{"rendered":"https:\/\/e.kosmolat.eu\/product\/topface-skin-editor-matets-acu-laineris-oglmelns-2-5-ml\/"},"modified":"2026-04-11T19:28:38","modified_gmt":"2026-04-11T19:28:38","slug":"topface-skin-editor-matets-acu-laineris-oglmelns-2-5-ml","status":"publish","type":"product","link":"https:\/\/e.kosmolat.eu\/lt\/produktas\/topface-skin-editor-matets-acu-laineris-oglmelns-2-5-ml\/","title":{"rendered":"TOPFACE Skin editor matinis aki\u0173 pie\u0161tukas, spalva juoda anglis, 2,5 ml"},"content":{"rendered":"<p>Matinio efekto ir sodraus juodo pigmento \u201eTopface\u201c aki\u0173 pie\u0161tukas suteiks j\u016bs\u0173 \u017evilgsniui gilumo ir paslaptingumo. Speciali formul\u0117 u\u017etikrina ilgai i\u0161liekant\u012f efekt\u0105 vis\u0105 dien\u0105. Silikoninis \u0161epet\u0117lis leid\u017eia lengvai ir nepriekai\u0161tingai tepti.<\/p>\n<p>Tik i\u0161oriniam naudojimui. Laikyti 20\u201325 \u00b0C temperat\u016broje, toliau nuo tiesiogini\u0173 saul\u0117s spinduli\u0173. Laikyti vaikams nepasiekiamoje vietoje.<\/p>\n","protected":false},"excerpt":{"rendered":"<p>Matinio efekto ir sodraus juodo pigmento \u201eTopface\u201c aki\u0173 pie\u0161tukas suteiks j\u016bs\u0173 \u017evilgsniui gilumo ir paslaptingumo. Speciali formul\u0117 u\u017etikrina ilgai i\u0161liekant\u012f efekt\u0105 vis\u0105 dien\u0105. Silikoninis \u0161epet\u0117lis leid\u017eia lengvai ir nepriekai\u0161tingai tepti. Tik i\u0161oriniam naudojimui. Laikyti 20\u201325 \u00b0C temperat\u016broje, toliau nuo tiesiogini\u0173 saul\u0117s spinduli\u0173. Laikyti vaikams nepasiekiamoje vietoje.<\/p>\n","protected":false},"featured_media":95182,"template":"","meta":[],"product_cat":[1264],"product_tag":[],"class_list":{"0":"post-75126","1":"product","2":"type-product","3":"status-publish","4":"has-post-thumbnail","6":"product_brand-top-face-tr-lt","7":"product_cat-piestukai-konturai","9":"first","10":"instock","11":"taxable","12":"shipping-taxable","13":"product-type-simple"},"_links":{"self":[{"href":"https:\/\/e.kosmolat.eu\/lt\/wp-json\/wp\/v2\/product\/75126","targetHints":{"allow":["GET"]}}],"collection":[{"href":"https:\/\/e.kosmolat.eu\/lt\/wp-json\/wp\/v2\/product"}],"about":[{"href":"https:\/\/e.kosmolat.eu\/lt\/wp-json\/wp\/v2\/types\/product"}],"wp:featuredmedia":[{"embeddable":true,"href":"https:\/\/e.kosmolat.eu\/lt\/wp-json\/wp\/v2\/media\/95182"}],"wp:attachment":[{"href":"https:\/\/e.kosmolat.eu\/lt\/wp-json\/wp\/v2\/media?parent=75126"}],"wp:term":[{"taxonomy":"product_cat","embeddable":true,"href":"https:\/\/e.kosmolat.eu\/lt\/wp-json\/wp\/v2\/product_cat?post=75126"},{"taxonomy":"product_tag","embeddable":true,"href":"https:\/\/e.kosmolat.eu\/lt\/wp-json\/wp\/v2\/product_tag?post=75126"}],"curies":[{"name":"wp","href":"https:\/\/api.w.org\/{rel}","templated":true}]}}