{"id":75118,"date":"2025-07-12T04:04:48","date_gmt":"2025-07-12T04:04:48","guid":{"rendered":"https:\/\/e.kosmolat.eu\/product\/topface-3d-dimension-skropstu-tusa-apjomam-8-ml\/"},"modified":"2026-04-11T19:28:26","modified_gmt":"2026-04-11T19:28:26","slug":"topface-3d-dimension-skropstu-tusa-apjomam-8-ml","status":"publish","type":"product","link":"https:\/\/e.kosmolat.eu\/lt\/produktas\/topface-3d-dimension-skropstu-tusa-apjomam-8-ml\/","title":{"rendered":"TOPFACE 3D Dimension blakstien\u0173 tu\u0161as apim\u010diai, 8 ml"},"content":{"rendered":"<p>Specialiai sukurta \u0161epet\u0117lio strukt\u016bra suteikia 3 skirtingus efektus:<\/p>\n<p>1 \u017eingsnis: Nat\u016braliai atrodan\u010dios blakstienos kasdieniam makia\u017eui.<br \/>\n2 \u017eingsnis: Tankios, pailgintos ir ai\u0161kiai atskirtos blakstienos.<br \/>\n3 \u017eingsnis: Dirbtini\u0173 blakstien\u0173 efektas. Reguliuojamas \u0161epet\u0117lis pasiekia net trumpiausias blakstienas, sukurdamas ilgesnes, tankesnes ir i\u0161rai\u0161kingesnes \u2013 be gumul\u0117li\u0173 ar sulipimo.<\/p>\n<p>Tik i\u0161oriniam naudojimui. Laikyti 20\u201325 \u00b0C temperat\u016broje, toliau nuo tiesiogini\u0173 saul\u0117s spinduli\u0173. Laikyti vaikams nepasiekiamoje vietoje.<\/p>\n","protected":false},"excerpt":{"rendered":"<p>Specialiai sukurta \u0161epet\u0117lio strukt\u016bra suteikia 3 skirtingus efektus: 1 \u017eingsnis: Nat\u016braliai atrodan\u010dios blakstienos kasdieniam makia\u017eui. 2 \u017eingsnis: Tankios, pailgintos ir ai\u0161kiai atskirtos blakstienos. 3 \u017eingsnis: Dirbtini\u0173 blakstien\u0173 efektas. Reguliuojamas \u0161epet\u0117lis pasiekia net trumpiausias blakstienas, sukurdamas ilgesnes, tankesnes ir i\u0161rai\u0161kingesnes \u2013 be gumul\u0117li\u0173 ar sulipimo. Tik i\u0161oriniam naudojimui. Laikyti 20\u201325 \u00b0C temperat\u016broje, toliau nuo tiesiogini\u0173 saul\u0117s [&#8230;]\n","protected":false},"featured_media":95178,"template":"","meta":[],"product_cat":[1382],"product_tag":[],"class_list":{"0":"post-75118","1":"product","2":"type-product","3":"status-publish","4":"has-post-thumbnail","6":"product_brand-top-face-tr-lt","7":"product_cat-tusai","9":"first","10":"outofstock","11":"taxable","12":"shipping-taxable","13":"product-type-simple"},"_links":{"self":[{"href":"https:\/\/e.kosmolat.eu\/lt\/wp-json\/wp\/v2\/product\/75118","targetHints":{"allow":["GET"]}}],"collection":[{"href":"https:\/\/e.kosmolat.eu\/lt\/wp-json\/wp\/v2\/product"}],"about":[{"href":"https:\/\/e.kosmolat.eu\/lt\/wp-json\/wp\/v2\/types\/product"}],"wp:featuredmedia":[{"embeddable":true,"href":"https:\/\/e.kosmolat.eu\/lt\/wp-json\/wp\/v2\/media\/95178"}],"wp:attachment":[{"href":"https:\/\/e.kosmolat.eu\/lt\/wp-json\/wp\/v2\/media?parent=75118"}],"wp:term":[{"taxonomy":"product_cat","embeddable":true,"href":"https:\/\/e.kosmolat.eu\/lt\/wp-json\/wp\/v2\/product_cat?post=75118"},{"taxonomy":"product_tag","embeddable":true,"href":"https:\/\/e.kosmolat.eu\/lt\/wp-json\/wp\/v2\/product_tag?post=75118"}],"curies":[{"name":"wp","href":"https:\/\/api.w.org\/{rel}","templated":true}]}}