{"id":75106,"date":"2025-07-12T04:04:12","date_gmt":"2025-07-12T04:04:12","guid":{"rendered":"https:\/\/e.kosmolat.eu\/product\/topface-instyle-uzacu-tusa-004-7-ml\/"},"modified":"2026-04-21T05:56:16","modified_gmt":"2026-04-21T05:56:16","slug":"topface-instyle-uzacu-tusa-004-7-ml","status":"publish","type":"product","link":"https:\/\/e.kosmolat.eu\/lt\/produktas\/topface-instyle-uzacu-tusa-004-7-ml\/","title":{"rendered":"TOPFACE Instyle tu\u0161as antakiams 004, 7 ml"},"content":{"rendered":"<p>Kremin\u0117s tekst\u016bros antaki\u0173 tu\u0161as pad\u0117s lengvai suteikti antakiams norim\u0105 form\u0105, o specialus \u0161epet\u0117lis u\u017etikrina greit\u0105 ir paprast\u0105 u\u017etepim\u0105.<\/p>\n<p>Tik i\u0161oriniam naudojimui. Laikyti 20\u201325 \u00b0C temperat\u016broje, toliau nuo tiesiogini\u0173 saul\u0117s spinduli\u0173. Laikyti vaikams nepasiekiamoje vietoje.<\/p>\n","protected":false},"excerpt":{"rendered":"<p>Kremin\u0117s tekst\u016bros antaki\u0173 tu\u0161as pad\u0117s lengvai suteikti antakiams norim\u0105 form\u0105, o specialus \u0161epet\u0117lis u\u017etikrina greit\u0105 ir paprast\u0105 u\u017etepim\u0105. Tik i\u0161oriniam naudojimui. Laikyti 20\u201325 \u00b0C temperat\u016broje, toliau nuo tiesiogini\u0173 saul\u0117s spinduli\u0173. Laikyti vaikams nepasiekiamoje vietoje.<\/p>\n","protected":false},"featured_media":95166,"template":"","meta":[],"product_cat":[1508],"product_tag":[],"class_list":{"0":"post-75106","1":"product","2":"type-product","3":"status-publish","4":"has-post-thumbnail","6":"product_brand-top-face-tr-lt","7":"product_cat-antakiams","9":"first","10":"outofstock","11":"taxable","12":"shipping-taxable","13":"product-type-simple"},"_links":{"self":[{"href":"https:\/\/e.kosmolat.eu\/lt\/wp-json\/wp\/v2\/product\/75106","targetHints":{"allow":["GET"]}}],"collection":[{"href":"https:\/\/e.kosmolat.eu\/lt\/wp-json\/wp\/v2\/product"}],"about":[{"href":"https:\/\/e.kosmolat.eu\/lt\/wp-json\/wp\/v2\/types\/product"}],"wp:featuredmedia":[{"embeddable":true,"href":"https:\/\/e.kosmolat.eu\/lt\/wp-json\/wp\/v2\/media\/95166"}],"wp:attachment":[{"href":"https:\/\/e.kosmolat.eu\/lt\/wp-json\/wp\/v2\/media?parent=75106"}],"wp:term":[{"taxonomy":"product_cat","embeddable":true,"href":"https:\/\/e.kosmolat.eu\/lt\/wp-json\/wp\/v2\/product_cat?post=75106"},{"taxonomy":"product_tag","embeddable":true,"href":"https:\/\/e.kosmolat.eu\/lt\/wp-json\/wp\/v2\/product_tag?post=75106"}],"curies":[{"name":"wp","href":"https:\/\/api.w.org\/{rel}","templated":true}]}}