{"id":75074,"date":"2025-07-12T04:03:01","date_gmt":"2025-07-12T04:03:01","guid":{"rendered":"https:\/\/e.kosmolat.eu\/product\/topface-high-definition-skropstu-tusa-apjomam-11-ml\/"},"modified":"2026-04-20T12:08:26","modified_gmt":"2026-04-20T12:08:26","slug":"topface-high-definition-skropstu-tusa-apjomam-11-ml","status":"publish","type":"product","link":"https:\/\/e.kosmolat.eu\/lt\/produktas\/topface-high-definition-skropstu-tusa-apjomam-11-ml\/","title":{"rendered":"TOPFACE High Definition blakstien\u0173 tu\u0161as apim\u010diai, 11 ml"},"content":{"rendered":"<p>Po kiekvieno naudojimo sandariai u\u017edarykite dangtel\u012f. Nustokite naudoti, jei pasikei\u010dia kvapas ar i\u0161vaizda. Tik i\u0161oriniam naudojimui. Laikyti 20\u201325 \u00b0C temperat\u016broje, toliau nuo tiesiogini\u0173 saul\u0117s spinduli\u0173. Laikyti vaikams nepasiekiamoje vietoje.<\/p>\n","protected":false},"excerpt":{"rendered":"<p>Po kiekvieno naudojimo sandariai u\u017edarykite dangtel\u012f. Nustokite naudoti, jei pasikei\u010dia kvapas ar i\u0161vaizda. Tik i\u0161oriniam naudojimui. Laikyti 20\u201325 \u00b0C temperat\u016broje, toliau nuo tiesiogini\u0173 saul\u0117s spinduli\u0173. Laikyti vaikams nepasiekiamoje vietoje.<\/p>\n","protected":false},"featured_media":95150,"template":"","meta":[],"product_cat":[1382],"product_tag":[],"class_list":{"0":"post-75074","1":"product","2":"type-product","3":"status-publish","4":"has-post-thumbnail","6":"product_brand-top-face-tr-lt","7":"product_cat-tusai","9":"first","10":"instock","11":"taxable","12":"shipping-taxable","13":"product-type-simple"},"_links":{"self":[{"href":"https:\/\/e.kosmolat.eu\/lt\/wp-json\/wp\/v2\/product\/75074","targetHints":{"allow":["GET"]}}],"collection":[{"href":"https:\/\/e.kosmolat.eu\/lt\/wp-json\/wp\/v2\/product"}],"about":[{"href":"https:\/\/e.kosmolat.eu\/lt\/wp-json\/wp\/v2\/types\/product"}],"wp:featuredmedia":[{"embeddable":true,"href":"https:\/\/e.kosmolat.eu\/lt\/wp-json\/wp\/v2\/media\/95150"}],"wp:attachment":[{"href":"https:\/\/e.kosmolat.eu\/lt\/wp-json\/wp\/v2\/media?parent=75074"}],"wp:term":[{"taxonomy":"product_cat","embeddable":true,"href":"https:\/\/e.kosmolat.eu\/lt\/wp-json\/wp\/v2\/product_cat?post=75074"},{"taxonomy":"product_tag","embeddable":true,"href":"https:\/\/e.kosmolat.eu\/lt\/wp-json\/wp\/v2\/product_tag?post=75074"}],"curies":[{"name":"wp","href":"https:\/\/api.w.org\/{rel}","templated":true}]}}