{"id":75066,"date":"2025-07-12T04:02:42","date_gmt":"2025-07-12T04:02:42","guid":{"rendered":"https:\/\/e.kosmolat.eu\/product\/topface-aqua-tint-lupu-un-vaigu-tinte-003-10-ml\/"},"modified":"2026-04-11T19:26:45","modified_gmt":"2026-04-11T19:26:45","slug":"topface-aqua-tint-lupu-un-vaigu-tinte-003-10-ml","status":"publish","type":"product","link":"https:\/\/e.kosmolat.eu\/lt\/produktas\/topface-aqua-tint-lupu-un-vaigu-tinte-003-10-ml\/","title":{"rendered":"TOPFACE Aqua Tint l\u016bp\u0173 ir skruost\u0173 spalva 003, 10 ml"},"content":{"rendered":"<p>Suteikia l\u016bpoms ir skruostams nat\u016brali\u0105 spalv\u0105 visai dienai. D\u0117l greitai d\u017ei\u016bstan\u010dios vandenin\u0117s tekst\u016bros priemon\u0117 susilieja su oda, sukurdama nesvarumo poj\u016bt\u012f. Prisotina od\u0105 hialurono r\u016bg\u0161timi ir baltymais, suteikdama gaivumo ir spindesio. Atspalvio intensyvum\u0105 galima reguliuoti priklausomai nuo norimo makia\u017eo stiliaus.<\/p>\n<p>Jei pasikei\u010dia kvapas ar i\u0161vaizda, nutraukite naudojim\u0105. Tik i\u0161oriniam naudojimui. Tepkite tik ant l\u016bp\u0173. Laikyti 20\u201325 \u00b0C temperat\u016broje, toliau nuo tiesiogini\u0173 saul\u0117s spinduli\u0173. Laikyti vaikams nepasiekiamoje vietoje.<\/p>\n","protected":false},"excerpt":{"rendered":"<p>Suteikia l\u016bpoms ir skruostams nat\u016brali\u0105 spalv\u0105 visai dienai. D\u0117l greitai d\u017ei\u016bstan\u010dios vandenin\u0117s tekst\u016bros priemon\u0117 susilieja su oda, sukurdama nesvarumo poj\u016bt\u012f. Prisotina od\u0105 hialurono r\u016bg\u0161timi ir baltymais, suteikdama gaivumo ir spindesio. Atspalvio intensyvum\u0105 galima reguliuoti priklausomai nuo norimo makia\u017eo stiliaus. Jei pasikei\u010dia kvapas ar i\u0161vaizda, nutraukite naudojim\u0105. Tik i\u0161oriniam naudojimui. Tepkite tik ant l\u016bp\u0173. Laikyti 20\u201325 [&#8230;]\n","protected":false},"featured_media":95146,"template":"","meta":[],"product_cat":[1273],"product_tag":[],"class_list":{"0":"post-75066","1":"product","2":"type-product","3":"status-publish","4":"has-post-thumbnail","6":"product_brand-top-face-tr-lt","7":"product_cat-lupu-blizgesys","9":"first","10":"instock","11":"taxable","12":"shipping-taxable","13":"product-type-simple"},"_links":{"self":[{"href":"https:\/\/e.kosmolat.eu\/lt\/wp-json\/wp\/v2\/product\/75066","targetHints":{"allow":["GET"]}}],"collection":[{"href":"https:\/\/e.kosmolat.eu\/lt\/wp-json\/wp\/v2\/product"}],"about":[{"href":"https:\/\/e.kosmolat.eu\/lt\/wp-json\/wp\/v2\/types\/product"}],"wp:featuredmedia":[{"embeddable":true,"href":"https:\/\/e.kosmolat.eu\/lt\/wp-json\/wp\/v2\/media\/95146"}],"wp:attachment":[{"href":"https:\/\/e.kosmolat.eu\/lt\/wp-json\/wp\/v2\/media?parent=75066"}],"wp:term":[{"taxonomy":"product_cat","embeddable":true,"href":"https:\/\/e.kosmolat.eu\/lt\/wp-json\/wp\/v2\/product_cat?post=75066"},{"taxonomy":"product_tag","embeddable":true,"href":"https:\/\/e.kosmolat.eu\/lt\/wp-json\/wp\/v2\/product_tag?post=75066"}],"curies":[{"name":"wp","href":"https:\/\/api.w.org\/{rel}","templated":true}]}}