{"id":75034,"date":"2025-07-12T04:01:34","date_gmt":"2025-07-12T04:01:34","guid":{"rendered":"https:\/\/e.kosmolat.eu\/product\/topface-lip-glow-lupu-ella-zemene-002-4-ml\/"},"modified":"2026-04-01T09:19:22","modified_gmt":"2026-04-01T09:19:22","slug":"topface-lip-glow-lupu-ella-zemene-002-4-ml","status":"publish","type":"product","link":"https:\/\/e.kosmolat.eu\/lt\/produktas\/topface-lip-glow-lupu-ella-zemene-002-4-ml\/","title":{"rendered":"TOPFACE Lip Glow aliejus l\u016bpoms Bra\u0161k\u0117 001, 4 ml"},"content":{"rendered":"<p>Aliejus l\u016bpoms saugo l\u016bpas, sud\u0117tyje yra simondsij\u0173 ir makadamij\u0173 aliejaus, vitamino E, hialurono r\u016bg\u0161tis dr\u0117kinanti l\u016bpas. Suteikia l\u016bpoms ry\u0161ki\u0105 ir spalving\u0105 i\u0161vaizd\u0105 be l\u016bp\u0173 da\u017e\u0173. Nelipnios tekst\u016bros, padeda i\u0161laikyti l\u016bpas dr\u0117gnas ir nesukelia diskomforto.<\/p>\n<p>Jei pasikei\u010dia kvapas ar i\u0161vaizda, nutraukite naudojim\u0105. Tik i\u0161oriniam naudojimui. Tepkite tik ant l\u016bp\u0173. Laikyti 20\u201325 \u00b0C temperat\u016broje, toliau nuo tiesiogini\u0173 saul\u0117s spinduli\u0173. Laikyti vaikams nepasiekiamoje vietoje.<\/p>\n","protected":false},"excerpt":{"rendered":"<p>Aliejus l\u016bpoms saugo l\u016bpas, sud\u0117tyje yra simondsij\u0173 ir makadamij\u0173 aliejaus, vitamino E, hialurono r\u016bg\u0161tis dr\u0117kinanti l\u016bpas. Suteikia l\u016bpoms ry\u0161ki\u0105 ir spalving\u0105 i\u0161vaizd\u0105 be l\u016bp\u0173 da\u017e\u0173. Nelipnios tekst\u016bros, padeda i\u0161laikyti l\u016bpas dr\u0117gnas ir nesukelia diskomforto. Jei pasikei\u010dia kvapas ar i\u0161vaizda, nutraukite naudojim\u0105. Tik i\u0161oriniam naudojimui. Tepkite tik ant l\u016bp\u0173. Laikyti 20\u201325 \u00b0C temperat\u016broje, toliau nuo tiesiogini\u0173 [&#8230;]\n","protected":false},"featured_media":95130,"template":"","meta":[],"product_cat":[1273],"product_tag":[],"class_list":{"0":"post-75034","1":"product","2":"type-product","3":"status-publish","4":"has-post-thumbnail","6":"product_brand-top-face-tr-lt","7":"product_cat-lupu-blizgesys","9":"first","10":"instock","11":"taxable","12":"shipping-taxable","13":"product-type-simple"},"_links":{"self":[{"href":"https:\/\/e.kosmolat.eu\/lt\/wp-json\/wp\/v2\/product\/75034","targetHints":{"allow":["GET"]}}],"collection":[{"href":"https:\/\/e.kosmolat.eu\/lt\/wp-json\/wp\/v2\/product"}],"about":[{"href":"https:\/\/e.kosmolat.eu\/lt\/wp-json\/wp\/v2\/types\/product"}],"wp:featuredmedia":[{"embeddable":true,"href":"https:\/\/e.kosmolat.eu\/lt\/wp-json\/wp\/v2\/media\/95130"}],"wp:attachment":[{"href":"https:\/\/e.kosmolat.eu\/lt\/wp-json\/wp\/v2\/media?parent=75034"}],"wp:term":[{"taxonomy":"product_cat","embeddable":true,"href":"https:\/\/e.kosmolat.eu\/lt\/wp-json\/wp\/v2\/product_cat?post=75034"},{"taxonomy":"product_tag","embeddable":true,"href":"https:\/\/e.kosmolat.eu\/lt\/wp-json\/wp\/v2\/product_tag?post=75034"}],"curies":[{"name":"wp","href":"https:\/\/api.w.org\/{rel}","templated":true}]}}