{"id":75018,"date":"2025-07-12T04:01:01","date_gmt":"2025-07-12T04:01:01","guid":{"rendered":"https:\/\/e.kosmolat.eu\/product\/topface-apjomu-003-palielinoss-lupu-busteris-bright-smile-4-ml\/"},"modified":"2026-04-01T10:27:29","modified_gmt":"2026-04-01T10:27:29","slug":"topface-apjomu-003-palielinoss-lupu-busteris-bright-smile-4-ml","status":"publish","type":"product","link":"https:\/\/e.kosmolat.eu\/lt\/produktas\/topface-apjomu-003-palielinoss-lupu-busteris-bright-smile-4-ml\/","title":{"rendered":"TOPFACE L\u016bp\u0173 putlintojas Bright Smile 003, 4 ml"},"content":{"rendered":"<p>Produktas praturtintas hialurono r\u016bg\u0161timi, kuri suteikia l\u016bpoms \u0161velnumo ir mink\u0161tumo. Prisotintas mentolio ir \u010dili pipir\u0173 ekstrakto, jis sukuria lengv\u0105 dilg\u010diojimo ir v\u0117sinimo efekt\u0105. L\u016bp\u0173 balzamas pripildytas m\u0117lynais sidabri\u0161kais blizgu\u010diais, pabr\u0117\u017eian\u010di\u0173 ry\u0161ki\u0105 \u0161ypsen\u0105. \u017dvilganti tekst\u016bra atspalvina nat\u016brali\u0105 l\u016bp\u0173 spalv\u0105, sustiprindama j\u0173 blizges\u012f ir apimt\u012f.<\/p>\n<p>Jei pasikei\u010dia kvapas ar i\u0161vaizda, nutraukite naudojim\u0105. Tik i\u0161oriniam naudojimui. Tepkite tik ant l\u016bp\u0173. Laikyti 20\u201325 \u00b0C temperat\u016broje, toliau nuo tiesiogini\u0173 saul\u0117s spinduli\u0173. Laikyti vaikams nepasiekiamoje vietoje.<\/p>\n","protected":false},"excerpt":{"rendered":"<p>Produktas praturtintas hialurono r\u016bg\u0161timi, kuri suteikia l\u016bpoms \u0161velnumo ir mink\u0161tumo. Prisotintas mentolio ir \u010dili pipir\u0173 ekstrakto, jis sukuria lengv\u0105 dilg\u010diojimo ir v\u0117sinimo efekt\u0105. L\u016bp\u0173 balzamas pripildytas m\u0117lynais sidabri\u0161kais blizgu\u010diais, pabr\u0117\u017eian\u010di\u0173 ry\u0161ki\u0105 \u0161ypsen\u0105. \u017dvilganti tekst\u016bra atspalvina nat\u016brali\u0105 l\u016bp\u0173 spalv\u0105, sustiprindama j\u0173 blizges\u012f ir apimt\u012f. Jei pasikei\u010dia kvapas ar i\u0161vaizda, nutraukite naudojim\u0105. Tik i\u0161oriniam naudojimui. Tepkite tik [&#8230;]\n","protected":false},"featured_media":95122,"template":"","meta":[],"product_cat":[2181],"product_tag":[],"class_list":{"0":"post-75018","1":"product","2":"type-product","3":"status-publish","4":"has-post-thumbnail","6":"product_brand-top-face-tr-lt","7":"product_cat-bez-kategorijas-lt","9":"first","10":"instock","11":"taxable","12":"shipping-taxable","13":"product-type-simple"},"_links":{"self":[{"href":"https:\/\/e.kosmolat.eu\/lt\/wp-json\/wp\/v2\/product\/75018","targetHints":{"allow":["GET"]}}],"collection":[{"href":"https:\/\/e.kosmolat.eu\/lt\/wp-json\/wp\/v2\/product"}],"about":[{"href":"https:\/\/e.kosmolat.eu\/lt\/wp-json\/wp\/v2\/types\/product"}],"wp:featuredmedia":[{"embeddable":true,"href":"https:\/\/e.kosmolat.eu\/lt\/wp-json\/wp\/v2\/media\/95122"}],"wp:attachment":[{"href":"https:\/\/e.kosmolat.eu\/lt\/wp-json\/wp\/v2\/media?parent=75018"}],"wp:term":[{"taxonomy":"product_cat","embeddable":true,"href":"https:\/\/e.kosmolat.eu\/lt\/wp-json\/wp\/v2\/product_cat?post=75018"},{"taxonomy":"product_tag","embeddable":true,"href":"https:\/\/e.kosmolat.eu\/lt\/wp-json\/wp\/v2\/product_tag?post=75018"}],"curies":[{"name":"wp","href":"https:\/\/api.w.org\/{rel}","templated":true}]}}