{"id":75014,"date":"2025-07-12T04:00:45","date_gmt":"2025-07-12T04:00:45","guid":{"rendered":"https:\/\/e.kosmolat.eu\/product\/topface-apjomu-002-palielinoss-lupu-busteris-hot-chilli-4-ml\/"},"modified":"2026-04-01T09:18:43","modified_gmt":"2026-04-01T09:18:43","slug":"topface-apjomu-002-palielinoss-lupu-busteris-hot-chilli-4-ml","status":"publish","type":"product","link":"https:\/\/e.kosmolat.eu\/lt\/produktas\/topface-apjomu-002-palielinoss-lupu-busteris-hot-chilli-4-ml\/","title":{"rendered":"TOPFACE L\u016bp\u0173 putlintojas Hot Chill  002, 4 ml"},"content":{"rendered":"<p>Produktas praturtintas hialurono r\u016bg\u0161timi, kuri suteikia l\u016bpoms \u0161velnumo ir mink\u0161tumo. Prisotintas mentolio ir \u010dili pipir\u0173 ekstrakto, jis sukelia lengv\u0105 dilg\u010diojimo efekt\u0105. Suteikia l\u016bpoms blizgesio ir \u0161velniai rausv\u0105 atspalv\u012f. \u017dvilganti tekst\u016bra pabr\u0117\u017eia nat\u016brali\u0105 l\u016bp\u0173 spalv\u0105, sustiprina j\u0173 blizges\u012f ir apimt\u012f.<\/p>\n<p>Jei pasikei\u010dia kvapas ar i\u0161vaizda, nutraukite naudojim\u0105. Tik i\u0161oriniam naudojimui. Tepkite tik ant l\u016bp\u0173. Laikyti 20\u201325 \u00b0C temperat\u016broje, toliau nuo tiesiogini\u0173 saul\u0117s spinduli\u0173. Laikyti vaikams nepasiekiamoje vietoje.<\/p>\n","protected":false},"excerpt":{"rendered":"<p>Produktas praturtintas hialurono r\u016bg\u0161timi, kuri suteikia l\u016bpoms \u0161velnumo ir mink\u0161tumo. Prisotintas mentolio ir \u010dili pipir\u0173 ekstrakto, jis sukelia lengv\u0105 dilg\u010diojimo efekt\u0105. Suteikia l\u016bpoms blizgesio ir \u0161velniai rausv\u0105 atspalv\u012f. \u017dvilganti tekst\u016bra pabr\u0117\u017eia nat\u016brali\u0105 l\u016bp\u0173 spalv\u0105, sustiprina j\u0173 blizges\u012f ir apimt\u012f. Jei pasikei\u010dia kvapas ar i\u0161vaizda, nutraukite naudojim\u0105. Tik i\u0161oriniam naudojimui. Tepkite tik ant l\u016bp\u0173. Laikyti 20\u201325 [&#8230;]\n","protected":false},"featured_media":95118,"template":"","meta":[],"product_cat":[1273],"product_tag":[],"class_list":{"0":"post-75014","1":"product","2":"type-product","3":"status-publish","4":"has-post-thumbnail","6":"product_brand-top-face-tr-lt","7":"product_cat-lupu-blizgesys","9":"first","10":"instock","11":"taxable","12":"shipping-taxable","13":"product-type-simple"},"_links":{"self":[{"href":"https:\/\/e.kosmolat.eu\/lt\/wp-json\/wp\/v2\/product\/75014","targetHints":{"allow":["GET"]}}],"collection":[{"href":"https:\/\/e.kosmolat.eu\/lt\/wp-json\/wp\/v2\/product"}],"about":[{"href":"https:\/\/e.kosmolat.eu\/lt\/wp-json\/wp\/v2\/types\/product"}],"wp:featuredmedia":[{"embeddable":true,"href":"https:\/\/e.kosmolat.eu\/lt\/wp-json\/wp\/v2\/media\/95118"}],"wp:attachment":[{"href":"https:\/\/e.kosmolat.eu\/lt\/wp-json\/wp\/v2\/media?parent=75014"}],"wp:term":[{"taxonomy":"product_cat","embeddable":true,"href":"https:\/\/e.kosmolat.eu\/lt\/wp-json\/wp\/v2\/product_cat?post=75014"},{"taxonomy":"product_tag","embeddable":true,"href":"https:\/\/e.kosmolat.eu\/lt\/wp-json\/wp\/v2\/product_tag?post=75014"}],"curies":[{"name":"wp","href":"https:\/\/api.w.org\/{rel}","templated":true}]}}