{"id":74934,"date":"2025-07-11T04:34:41","date_gmt":"2025-07-11T04:34:41","guid":{"rendered":"https:\/\/e.kosmolat.eu\/product\/topface-supernova-lupu-spidums-apjomam-caurspidigs-4-ml\/"},"modified":"2026-04-01T13:49:53","modified_gmt":"2026-04-01T13:49:53","slug":"topface-supernova-lupu-spidums-apjomam-4-ml","status":"publish","type":"product","link":"https:\/\/e.kosmolat.eu\/lt\/produktas\/topface-supernova-lupu-spidums-apjomam-4-ml\/","title":{"rendered":"TOPFACE Supernova l\u016bp\u0173 blizgis, suteikiantis apimties, skaidrus, 4 ml"},"content":{"rendered":"<p>Ry\u0161kus ir dr\u0105sus! Pasijuskite ypatingai su naujuoju l\u016bp\u0173 blizgesiu. Jis sukuria ry\u0161k\u0173 akcent\u0105 ant l\u016bp\u0173, suteikia apimties, dr\u0117gm\u0117s ir spindesio. M\u0117gaukit\u0117s nauju komforto lygiu tepdami. Formul\u0117 praturtinta skvalenu ir vitaminu E, kurie padeda i\u0161laikyti l\u016bpas mink\u0161tas ir sudr\u0117kintas.<\/p>\n<p>Jei pasikei\u010dia kvapas ar i\u0161vaizda, nutraukite naudojim\u0105. Tik i\u0161oriniam naudojimui. Tepkite tik ant l\u016bp\u0173. Laikyti 20\u201325 \u00b0C temperat\u016broje, toliau nuo tiesiogini\u0173 saul\u0117s spinduli\u0173. Laikyti vaikams nepasiekiamoje vietoje.<\/p>\n","protected":false},"excerpt":{"rendered":"<p>Ry\u0161kus ir dr\u0105sus! Pasijuskite ypatingai su naujuoju l\u016bp\u0173 blizgesiu. Jis sukuria ry\u0161k\u0173 akcent\u0105 ant l\u016bp\u0173, suteikia apimties, dr\u0117gm\u0117s ir spindesio. M\u0117gaukit\u0117s nauju komforto lygiu tepdami. Formul\u0117 praturtinta skvalenu ir vitaminu E, kurie padeda i\u0161laikyti l\u016bpas mink\u0161tas ir sudr\u0117kintas. Jei pasikei\u010dia kvapas ar i\u0161vaizda, nutraukite naudojim\u0105. Tik i\u0161oriniam naudojimui. Tepkite tik ant l\u016bp\u0173. Laikyti 20\u201325 \u00b0C [&#8230;]\n","protected":false},"featured_media":95078,"template":"","meta":[],"product_cat":[2181],"product_tag":[],"class_list":{"0":"post-74934","1":"product","2":"type-product","3":"status-publish","4":"has-post-thumbnail","6":"product_brand-top-face-tr-lt","7":"product_cat-bez-kategorijas-lt","9":"first","10":"instock","11":"taxable","12":"shipping-taxable","13":"product-type-simple"},"_links":{"self":[{"href":"https:\/\/e.kosmolat.eu\/lt\/wp-json\/wp\/v2\/product\/74934","targetHints":{"allow":["GET"]}}],"collection":[{"href":"https:\/\/e.kosmolat.eu\/lt\/wp-json\/wp\/v2\/product"}],"about":[{"href":"https:\/\/e.kosmolat.eu\/lt\/wp-json\/wp\/v2\/types\/product"}],"wp:featuredmedia":[{"embeddable":true,"href":"https:\/\/e.kosmolat.eu\/lt\/wp-json\/wp\/v2\/media\/95078"}],"wp:attachment":[{"href":"https:\/\/e.kosmolat.eu\/lt\/wp-json\/wp\/v2\/media?parent=74934"}],"wp:term":[{"taxonomy":"product_cat","embeddable":true,"href":"https:\/\/e.kosmolat.eu\/lt\/wp-json\/wp\/v2\/product_cat?post=74934"},{"taxonomy":"product_tag","embeddable":true,"href":"https:\/\/e.kosmolat.eu\/lt\/wp-json\/wp\/v2\/product_tag?post=74934"}],"curies":[{"name":"wp","href":"https:\/\/api.w.org\/{rel}","templated":true}]}}