{"id":74894,"date":"2025-07-11T04:33:08","date_gmt":"2025-07-11T04:33:08","guid":{"rendered":"https:\/\/e.kosmolat.eu\/product\/topface-focus-pp-111-gleam-lupu-spidums-3-5-ml\/"},"modified":"2026-04-01T13:48:46","modified_gmt":"2026-04-01T13:48:46","slug":"topface-focus-pp-111-gleam-lupu-spidums-3-5-ml","status":"publish","type":"product","link":"https:\/\/e.kosmolat.eu\/lt\/produktas\/topface-focus-pp-111-gleam-lupu-spidums-3-5-ml\/","title":{"rendered":"TOPFACE \u201eFocus Point Perfect Gleam\u201c l\u016bp\u0173 blizgis 111, 3,5 ml"},"content":{"rendered":"<p>Praturtintas sodriais pigmentais, sukurian\u010diais blizgan\u010di\u0173 l\u016bp\u0173 efekt\u0105. Specialus aplikatorius leid\u017eia koreguoti l\u016bp\u0173 form\u0105 nesukeliant lipnumo poj\u016b\u010dio.<br \/>\n\u012esp\u0117jimas: sud\u0117tyje yra vitamino A. Prie\u0161 naudojant atsi\u017evelgti \u012f paros doz\u0119.<\/p>\n<p>Po kiekvieno naudojimo sandariai u\u017edarykite dangtel\u012f. Jei pasikei\u010dia kvapas ar i\u0161vaizda, nutraukite naudojim\u0105. Tik i\u0161oriniam naudojimui. Naudokite tik ant l\u016bp\u0173. Laikyti 20\u201325 \u00b0C temperat\u016broje, toliau nuo tiesiogini\u0173 saul\u0117s spinduli\u0173. Laikyti vaikams nepasiekiamoje vietoje.<\/p>\n","protected":false},"excerpt":{"rendered":"<p>Praturtintas sodriais pigmentais, sukurian\u010diais blizgan\u010di\u0173 l\u016bp\u0173 efekt\u0105. Specialus aplikatorius leid\u017eia koreguoti l\u016bp\u0173 form\u0105 nesukeliant lipnumo poj\u016b\u010dio. \u012esp\u0117jimas: sud\u0117tyje yra vitamino A. Prie\u0161 naudojant atsi\u017evelgti \u012f paros doz\u0119. Po kiekvieno naudojimo sandariai u\u017edarykite dangtel\u012f. Jei pasikei\u010dia kvapas ar i\u0161vaizda, nutraukite naudojim\u0105. Tik i\u0161oriniam naudojimui. Naudokite tik ant l\u016bp\u0173. Laikyti 20\u201325 \u00b0C temperat\u016broje, toliau nuo tiesiogini\u0173 saul\u0117s [&#8230;]\n","protected":false},"featured_media":95058,"template":"","meta":[],"product_cat":[2181],"product_tag":[],"class_list":{"0":"post-74894","1":"product","2":"type-product","3":"status-publish","4":"has-post-thumbnail","6":"product_brand-top-face-tr-lt","7":"product_cat-bez-kategorijas-lt","9":"first","10":"instock","11":"taxable","12":"shipping-taxable","13":"product-type-simple"},"_links":{"self":[{"href":"https:\/\/e.kosmolat.eu\/lt\/wp-json\/wp\/v2\/product\/74894","targetHints":{"allow":["GET"]}}],"collection":[{"href":"https:\/\/e.kosmolat.eu\/lt\/wp-json\/wp\/v2\/product"}],"about":[{"href":"https:\/\/e.kosmolat.eu\/lt\/wp-json\/wp\/v2\/types\/product"}],"wp:featuredmedia":[{"embeddable":true,"href":"https:\/\/e.kosmolat.eu\/lt\/wp-json\/wp\/v2\/media\/95058"}],"wp:attachment":[{"href":"https:\/\/e.kosmolat.eu\/lt\/wp-json\/wp\/v2\/media?parent=74894"}],"wp:term":[{"taxonomy":"product_cat","embeddable":true,"href":"https:\/\/e.kosmolat.eu\/lt\/wp-json\/wp\/v2\/product_cat?post=74894"},{"taxonomy":"product_tag","embeddable":true,"href":"https:\/\/e.kosmolat.eu\/lt\/wp-json\/wp\/v2\/product_tag?post=74894"}],"curies":[{"name":"wp","href":"https:\/\/api.w.org\/{rel}","templated":true}]}}