{"id":74694,"date":"2025-07-11T04:15:38","date_gmt":"2025-07-11T04:15:38","guid":{"rendered":"https:\/\/e.kosmolat.eu\/product\/topface-instyle-em-009-skidra-lupu-krasa-3-5-ml\/"},"modified":"2026-04-01T13:34:36","modified_gmt":"2026-04-01T13:34:36","slug":"topface-instyle-em-009-skidra-lupu-krasa-3-5-ml","status":"publish","type":"product","link":"https:\/\/e.kosmolat.eu\/lt\/produktas\/topface-instyle-em-009-skidra-lupu-krasa-3-5-ml\/","title":{"rendered":"TOPFACE Instyle Extreme skystas matinis l\u016bpda\u017eis 009, 3,5 ml"},"content":{"rendered":"<p>Matinis, intensyvus ir ilgai i\u0161liekantis padengimas viename buteliuke. Skysti \u201eTopface\u201c l\u016bp\u0173 da\u017eai suteikia sodri\u0105 spalv\u0105, patvarum\u0105 ir nepriekai\u0161ting\u0105 matin\u012f atspalv\u012f. D\u0117l lengvos tekst\u016bros su vitaminu E ir makadamij\u0173 aliejumi, juos lengva tepti ir jie nesausina l\u016bp\u0173. I\u0161laiko spalv\u0105 ir komforto poj\u016bt\u012f vis\u0105 dien\u0105. I\u0161silaiko iki 12 valand\u0173.<\/p>\n<p>Po kiekvieno naudojimo sandariai u\u017edarykite dangtel\u012f. Jei pasikei\u010dia kvapas ar i\u0161vaizda, nutraukite naudojim\u0105. Tik i\u0161oriniam naudojimui. Naudokite tik ant l\u016bp\u0173. Laikyti 20\u201325 \u00b0C temperat\u016broje, toliau nuo tiesiogini\u0173 saul\u0117s spinduli\u0173. Laikyti vaikams nepasiekiamoje vietoje.<\/p>\n","protected":false},"excerpt":{"rendered":"<p>Matinis, intensyvus ir ilgai i\u0161liekantis padengimas viename buteliuke. Skysti \u201eTopface\u201c l\u016bp\u0173 da\u017eai suteikia sodri\u0105 spalv\u0105, patvarum\u0105 ir nepriekai\u0161ting\u0105 matin\u012f atspalv\u012f. D\u0117l lengvos tekst\u016bros su vitaminu E ir makadamij\u0173 aliejumi, juos lengva tepti ir jie nesausina l\u016bp\u0173. I\u0161laiko spalv\u0105 ir komforto poj\u016bt\u012f vis\u0105 dien\u0105. I\u0161silaiko iki 12 valand\u0173. Po kiekvieno naudojimo sandariai u\u017edarykite dangtel\u012f. Jei pasikei\u010dia [&#8230;]\n","protected":false},"featured_media":94798,"template":"","meta":[],"product_cat":[2181],"product_tag":[],"class_list":{"0":"post-74694","1":"product","2":"type-product","3":"status-publish","4":"has-post-thumbnail","6":"product_brand-top-face-tr-lt","7":"product_cat-bez-kategorijas-lt","9":"first","10":"instock","11":"taxable","12":"shipping-taxable","13":"product-type-simple"},"_links":{"self":[{"href":"https:\/\/e.kosmolat.eu\/lt\/wp-json\/wp\/v2\/product\/74694","targetHints":{"allow":["GET"]}}],"collection":[{"href":"https:\/\/e.kosmolat.eu\/lt\/wp-json\/wp\/v2\/product"}],"about":[{"href":"https:\/\/e.kosmolat.eu\/lt\/wp-json\/wp\/v2\/types\/product"}],"wp:featuredmedia":[{"embeddable":true,"href":"https:\/\/e.kosmolat.eu\/lt\/wp-json\/wp\/v2\/media\/94798"}],"wp:attachment":[{"href":"https:\/\/e.kosmolat.eu\/lt\/wp-json\/wp\/v2\/media?parent=74694"}],"wp:term":[{"taxonomy":"product_cat","embeddable":true,"href":"https:\/\/e.kosmolat.eu\/lt\/wp-json\/wp\/v2\/product_cat?post=74694"},{"taxonomy":"product_tag","embeddable":true,"href":"https:\/\/e.kosmolat.eu\/lt\/wp-json\/wp\/v2\/product_tag?post=74694"}],"curies":[{"name":"wp","href":"https:\/\/api.w.org\/{rel}","templated":true}]}}