{"id":74489,"date":"2025-07-10T04:13:59","date_gmt":"2025-07-10T04:13:59","guid":{"rendered":"https:\/\/e.kosmolat.eu\/product\/sanita-gels-multispeks-plitij-mikrovilnu-krasnij-grilam-500-ml\/"},"modified":"2025-09-19T15:29:19","modified_gmt":"2025-09-19T15:29:19","slug":"sanita-gels-multispeks-plitij-mikrovilnu-krasnij-grilam-500-ml","status":"publish","type":"product","link":"https:\/\/e.kosmolat.eu\/lt\/produktas\/sanita-gels-multispeks-plitij-mikrovilnu-krasnij-grilam-500-ml\/","title":{"rendered":"&#8220;Sanita&#8221; Gelis virykl\u0117ms\/mikrobang\u0173 krosnel\u0117ms\/griliui valyti &#8220;Multij\u0117ga&#8221; 500 ml"},"content":{"rendered":"<p><strong>Sud\u0117tis: <\/strong>ma\u017eiau kaip 5 % natrio hidroksido, ma\u017eiau kaip 5 % anijonini\u0173 &nbsp;aktyvi\u0173j\u0173 pavir&scaron;iaus med\u017eiagos, ma\u017eiau kaip 5 % &nbsp;EDTA ir jos drusk\u0173. Kvapai. Da\u017eai.<\/p>\n<p>&nbsp;<\/p>\n<p><strong><img decoding=\"async\" alt=\"\" src=\"https:\/\/www.reach-compliance.ch\/images\/acid1cols3.jpg\" style=\"height:40px; width:40px\" \/>GHS05 Pavojinga<\/strong><br \/>\nH290 Gali \u0117sdinti metalus<br \/>\nH314 Smarkiai nudegina od\u0105 ir pa\u017eeid\u017eia akis.<br \/>\nP101 Jei reikalinga gydytojo konsultacija, su savimi tur\u0117kite produkto talpykl\u0105 ar jo etiket\u0119.<br \/>\nP102 Laikyti vaikams neprieinamoje vietoje<br \/>\nP103 Prie&scaron; naudojim\u0105 perskaityti etiket\u0119.<br \/>\nP260 Ne\u012fkv\u0117pti r\u016bko\/gar\u0173.<br \/>\nP264 Po naudojimo kruop&scaron;\u010diai nuplaukite rankas<br \/>\nP280 M\u016bv\u0117ti apsaugines pir&scaron;tines\/d\u0117v\u0117ti apsauginius drabu\u017eius\/naudoti aki\u0173 (veido) apsaugos priemones.<br \/>\nP305+P351+P338 Patekus \u012f akis: Kelias minutes atsargiai plauti vandeniu. I&scaron;imti kontaktinius l\u0119&scaron;ius, jeigu jie yra ir jeigu lengvai galima tai padaryti. Toliau plauti akis.<br \/>\nP301+P330+P331 Prarijus: i&scaron;skalauti burn\u0105. Neskatinti v\u0117mimo.<br \/>\nP303+P361+P353 Patekus ant odos (arba plauk\u0173): nedelsiant nuvilkti visus u\u017eter&scaron;tus drabu\u017eius. Od\u0105 nuplauti vandeniu [arba \u010diurk&scaron;le].<br \/>\nP304+P340 \u012eKV\u0116PUS: i&scaron;ne&scaron;ti nukent\u0117jus\u012fj\u012f \u012f gryn\u0105 or\u0105; jam b\u016btina patogi pad\u0117tis, leid\u017eianti laisvai kv\u0117puoti.<br \/>\nP310 Nedelsiant skambinti \u012f apsinuodijim\u0173 kontrol\u0117s ir informacijos biur\u0105 arba kreiptis \u012f gydytoj\u0105<br \/>\nP321 Specialus gydymas (\u017er. &scaron;ioje etiket\u0117je).<br \/>\nP405 Laikyti u\u017erakint\u0105.<br \/>\nP501Turin\u012f\/talpykl\u0105 i&scaron;pilti (i&scaron;mesti) &#8211; sunaudot\u0105 &nbsp;pakuot\u0117 utilizuoti &nbsp;kaip buitines atliekas.<br \/>\n&nbsp;<\/p>\n<p>&nbsp;<\/p>\n","protected":false},"excerpt":{"rendered":"<p>Sud\u0117tis: ma\u017eiau kaip 5 % natrio hidroksido, ma\u017eiau kaip 5 % anijonini\u0173 &nbsp;aktyvi\u0173j\u0173 pavir&scaron;iaus med\u017eiagos, ma\u017eiau kaip 5 % &nbsp;EDTA ir jos drusk\u0173. Kvapai. Da\u017eai. &nbsp; GHS05 Pavojinga H290 Gali \u0117sdinti metalus H314 Smarkiai nudegina od\u0105 ir pa\u017eeid\u017eia akis. P101 Jei reikalinga gydytojo konsultacija, su savimi tur\u0117kite produkto talpykl\u0105 ar jo etiket\u0119. P102 Laikyti vaikams [&#8230;]\n","protected":false},"featured_media":78782,"template":"","meta":[],"product_cat":[1468],"product_tag":[],"class_list":{"0":"post-74489","1":"product","2":"type-product","3":"status-publish","4":"has-post-thumbnail","6":"product_brand-malina-akcija-lt","7":"product_cat-virtuvei-namu-priezurai-namu-priezurai","9":"first","10":"outofstock","11":"taxable","12":"shipping-taxable","13":"product-type-simple"},"_links":{"self":[{"href":"https:\/\/e.kosmolat.eu\/lt\/wp-json\/wp\/v2\/product\/74489","targetHints":{"allow":["GET"]}}],"collection":[{"href":"https:\/\/e.kosmolat.eu\/lt\/wp-json\/wp\/v2\/product"}],"about":[{"href":"https:\/\/e.kosmolat.eu\/lt\/wp-json\/wp\/v2\/types\/product"}],"wp:featuredmedia":[{"embeddable":true,"href":"https:\/\/e.kosmolat.eu\/lt\/wp-json\/wp\/v2\/media\/78782"}],"wp:attachment":[{"href":"https:\/\/e.kosmolat.eu\/lt\/wp-json\/wp\/v2\/media?parent=74489"}],"wp:term":[{"taxonomy":"product_cat","embeddable":true,"href":"https:\/\/e.kosmolat.eu\/lt\/wp-json\/wp\/v2\/product_cat?post=74489"},{"taxonomy":"product_tag","embeddable":true,"href":"https:\/\/e.kosmolat.eu\/lt\/wp-json\/wp\/v2\/product_tag?post=74489"}],"curies":[{"name":"wp","href":"https:\/\/api.w.org\/{rel}","templated":true}]}}