{"id":74473,"date":"2025-07-10T04:12:10","date_gmt":"2025-07-10T04:12:10","guid":{"rendered":"https:\/\/e.kosmolat.eu\/product\/topface-sensitive-stylo-lupu-krasa-010-3-5-g\/"},"modified":"2026-04-01T08:23:13","modified_gmt":"2026-04-01T08:23:13","slug":"topface-sensitive-stylo-lupu-krasa-010-3-5-g","status":"publish","type":"product","link":"https:\/\/e.kosmolat.eu\/lt\/produktas\/topface-sensitive-stylo-lupu-krasa-010-3-5-g\/","title":{"rendered":"TOPFACE Sensitive Stylo l\u016bpda\u017eis 010, 3,5 g"},"content":{"rendered":"<p>\u0160velni kremin\u0117 tekst\u016bra ir sodri spalva u\u017etikrina tobul\u0105 l\u016bp\u0173 padengim\u0105 vienu sluoksniu. Augalin\u0117s kilm\u0117s skvalano aliejus giliai dr\u0117kina l\u016bp\u0173 od\u0105 ir i\u0161lygina smulkias rauk\u0161leles. Tinka sausoms ir jautrioms l\u016bpoms. Be gyv\u016bnin\u0117s kilm\u0117s produkt\u0173. Nebandyta su gyv\u016bnais.<\/p>\n<p>Po kiekvieno naudojimo sandariai u\u017edarykite dangtel\u012f. Jei pasikei\u010dia kvapas ar i\u0161vaizda, nutraukite naudojim\u0105. Tik i\u0161oriniam naudojimui. Naudokite tik ant l\u016bp\u0173. Laikyti 20\u201325 \u00b0C temperat\u016broje, toliau nuo tiesiogini\u0173 saul\u0117s spinduli\u0173. Laikyti vaikams nepasiekiamoje vietoje.<\/p>\n","protected":false},"excerpt":{"rendered":"<p>\u0160velni kremin\u0117 tekst\u016bra ir sodri spalva u\u017etikrina tobul\u0105 l\u016bp\u0173 padengim\u0105 vienu sluoksniu. Augalin\u0117s kilm\u0117s skvalano aliejus giliai dr\u0117kina l\u016bp\u0173 od\u0105 ir i\u0161lygina smulkias rauk\u0161leles. Tinka sausoms ir jautrioms l\u016bpoms. Be gyv\u016bnin\u0117s kilm\u0117s produkt\u0173. Nebandyta su gyv\u016bnais. Po kiekvieno naudojimo sandariai u\u017edarykite dangtel\u012f. Jei pasikei\u010dia kvapas ar i\u0161vaizda, nutraukite naudojim\u0105. Tik i\u0161oriniam naudojimui. Naudokite tik ant [&#8230;]\n","protected":false},"featured_media":94610,"template":"","meta":[],"product_cat":[2181],"product_tag":[],"class_list":{"0":"post-74473","1":"product","2":"type-product","3":"status-publish","4":"has-post-thumbnail","6":"product_brand-top-face-tr-lt","7":"product_cat-bez-kategorijas-lt","9":"first","10":"instock","11":"taxable","12":"shipping-taxable","13":"product-type-simple"},"_links":{"self":[{"href":"https:\/\/e.kosmolat.eu\/lt\/wp-json\/wp\/v2\/product\/74473","targetHints":{"allow":["GET"]}}],"collection":[{"href":"https:\/\/e.kosmolat.eu\/lt\/wp-json\/wp\/v2\/product"}],"about":[{"href":"https:\/\/e.kosmolat.eu\/lt\/wp-json\/wp\/v2\/types\/product"}],"wp:featuredmedia":[{"embeddable":true,"href":"https:\/\/e.kosmolat.eu\/lt\/wp-json\/wp\/v2\/media\/94610"}],"wp:attachment":[{"href":"https:\/\/e.kosmolat.eu\/lt\/wp-json\/wp\/v2\/media?parent=74473"}],"wp:term":[{"taxonomy":"product_cat","embeddable":true,"href":"https:\/\/e.kosmolat.eu\/lt\/wp-json\/wp\/v2\/product_cat?post=74473"},{"taxonomy":"product_tag","embeddable":true,"href":"https:\/\/e.kosmolat.eu\/lt\/wp-json\/wp\/v2\/product_tag?post=74473"}],"curies":[{"name":"wp","href":"https:\/\/api.w.org\/{rel}","templated":true}]}}