{"id":74145,"date":"2025-07-09T04:06:32","date_gmt":"2025-07-09T04:06:32","guid":{"rendered":"https:\/\/e.kosmolat.eu\/product\/oily-hair-trihologiskais-kondicionieris-taukain-mat-natre-200-ml\/"},"modified":"2026-04-20T12:52:32","modified_gmt":"2026-04-20T12:52:32","slug":"oily-hair-trihologiskais-kondicionieris-taukain-mat-natre-200-ml","status":"publish","type":"product","link":"https:\/\/e.kosmolat.eu\/lt\/produktas\/oily-hair-trihologiskais-kondicionieris-taukain-mat-natre-200-ml\/","title":{"rendered":"ELFA PHARM Trichologinis kondicionierius riebiems plaukams su dilg\u0117l\u0117mis, 200 ml"},"content":{"rendered":"<p>Aktyv\u016bs kondicionieriaus komponentai puikiai dr\u0117kina, suteikia blizgesio, palengvina \u0161ukavim\u0105, i\u0161painioja ir mink\u0161tina plaukus. Priemon\u0117 tinka da\u017eytiems, skilin\u0117jantiems ir l\u016b\u017ein\u0117jantiems plaukams, suteikia jiems sveik\u0105 i\u0161vaizd\u0105.<\/p>\n<p>Naudojimas: i\u0161plovus plaukus trichologiniu  \u0161amp\u016bnu riebiems plaukams, kondicionieri\u0173 tolygiai paskirstykite ant dr\u0117gn\u0173 plauk\u0173 nuo vidurio iki galiuk\u0173. Palaikykite 1\u20133 minutes, nuplaukite \u0161iltu vandeniu.<\/p>\n<p>Laikyti +5\u2013+25 \u00b0C temperat\u016broje.<\/p>\n","protected":false},"excerpt":{"rendered":"<p>Aktyv\u016bs kondicionieriaus komponentai puikiai dr\u0117kina, suteikia blizgesio, palengvina \u0161ukavim\u0105, i\u0161painioja ir mink\u0161tina plaukus. Priemon\u0117 tinka da\u017eytiems, skilin\u0117jantiems ir l\u016b\u017ein\u0117jantiems plaukams, suteikia jiems sveik\u0105 i\u0161vaizd\u0105. Naudojimas: i\u0161plovus plaukus trichologiniu \u0161amp\u016bnu riebiems plaukams, kondicionieri\u0173 tolygiai paskirstykite ant dr\u0117gn\u0173 plauk\u0173 nuo vidurio iki galiuk\u0173. Palaikykite 1\u20133 minutes, nuplaukite \u0161iltu vandeniu. Laikyti +5\u2013+25 \u00b0C temperat\u016broje.<\/p>\n","protected":false},"featured_media":96022,"template":"","meta":[],"product_cat":[1640],"product_tag":[],"class_list":{"0":"post-74145","1":"product","2":"type-product","3":"status-publish","4":"has-post-thumbnail","6":"product_brand-elfa_ua-lt","7":"product_cat-balzamai","9":"first","10":"instock","11":"taxable","12":"shipping-taxable","13":"product-type-simple"},"_links":{"self":[{"href":"https:\/\/e.kosmolat.eu\/lt\/wp-json\/wp\/v2\/product\/74145","targetHints":{"allow":["GET"]}}],"collection":[{"href":"https:\/\/e.kosmolat.eu\/lt\/wp-json\/wp\/v2\/product"}],"about":[{"href":"https:\/\/e.kosmolat.eu\/lt\/wp-json\/wp\/v2\/types\/product"}],"wp:featuredmedia":[{"embeddable":true,"href":"https:\/\/e.kosmolat.eu\/lt\/wp-json\/wp\/v2\/media\/96022"}],"wp:attachment":[{"href":"https:\/\/e.kosmolat.eu\/lt\/wp-json\/wp\/v2\/media?parent=74145"}],"wp:term":[{"taxonomy":"product_cat","embeddable":true,"href":"https:\/\/e.kosmolat.eu\/lt\/wp-json\/wp\/v2\/product_cat?post=74145"},{"taxonomy":"product_tag","embeddable":true,"href":"https:\/\/e.kosmolat.eu\/lt\/wp-json\/wp\/v2\/product_tag?post=74145"}],"curies":[{"name":"wp","href":"https:\/\/api.w.org\/{rel}","templated":true}]}}