{"id":74137,"date":"2025-07-09T04:06:16","date_gmt":"2025-07-09T04:06:16","guid":{"rendered":"https:\/\/e.kosmolat.eu\/product\/oily-hair-trihologiskais-galvas-adas-pilings-busteris-100-ml\/"},"modified":"2026-04-22T12:58:58","modified_gmt":"2026-04-22T12:58:58","slug":"oily-hair-trihologiskais-galvas-adas-pilings-busteris-100-ml","status":"publish","type":"product","link":"https:\/\/e.kosmolat.eu\/lt\/produktas\/oily-hair-trihologiskais-galvas-adas-pilings-busteris-100-ml\/","title":{"rendered":"ELFA PHARM Riebiems plaukams skirta trichologin\u0117 galvos odos \u0161veitimo priemon\u0117, 100 ml"},"content":{"rendered":"<p>Novatori\u0161kas plataus spektro r\u016bg\u0161\u010di\u0173, augalini\u0173 ekstrakt\u0173 ir vitamin\u0173 derinys u\u017etikrina greit\u0105 ir efektyv\u0173 galvos odos \u0161veitim\u0105 bei gil\u0173 riebalini\u0173 liauk\u0173 valym\u0105.<\/p>\n<p>Naudojimas: u\u017etepkite 10 ml priemon\u0117s ant galvos odos. \u012emasa\u017euokite \u012f vis\u0105 galvos od\u0105. Palaikykite 5\u201310 minu\u010di\u0173, kad aktyvusis kompleksas suveikt\u0173, nuplaukite \u0161iltu tekan\u010diu vandeniu. Plaukite plaukus trichologiniu \u0161amp\u016bnu i\u0161 \u201eOily Hair Program\u201c serijos.<\/p>\n<p>Laikyti +5\u2013+25 \u00b0C temperat\u016broje.<\/p>\n","protected":false},"excerpt":{"rendered":"<p>Novatori\u0161kas plataus spektro r\u016bg\u0161\u010di\u0173, augalini\u0173 ekstrakt\u0173 ir vitamin\u0173 derinys u\u017etikrina greit\u0105 ir efektyv\u0173 galvos odos \u0161veitim\u0105 bei gil\u0173 riebalini\u0173 liauk\u0173 valym\u0105. Naudojimas: u\u017etepkite 10 ml priemon\u0117s ant galvos odos. \u012emasa\u017euokite \u012f vis\u0105 galvos od\u0105. Palaikykite 5\u201310 minu\u010di\u0173, kad aktyvusis kompleksas suveikt\u0173, nuplaukite \u0161iltu tekan\u010diu vandeniu. Plaukite plaukus trichologiniu \u0161amp\u016bnu i\u0161 \u201eOily Hair Program\u201c serijos. Laikyti [&#8230;]\n","protected":false},"featured_media":96018,"template":"","meta":[],"product_cat":[1345],"product_tag":[],"class_list":{"0":"post-74137","1":"product","2":"type-product","3":"status-publish","4":"has-post-thumbnail","6":"product_brand-elfa_ua-lt","7":"product_cat-kitos-plauku-prieziuros-priemones","9":"first","10":"instock","11":"taxable","12":"shipping-taxable","13":"product-type-simple"},"_links":{"self":[{"href":"https:\/\/e.kosmolat.eu\/lt\/wp-json\/wp\/v2\/product\/74137","targetHints":{"allow":["GET"]}}],"collection":[{"href":"https:\/\/e.kosmolat.eu\/lt\/wp-json\/wp\/v2\/product"}],"about":[{"href":"https:\/\/e.kosmolat.eu\/lt\/wp-json\/wp\/v2\/types\/product"}],"wp:featuredmedia":[{"embeddable":true,"href":"https:\/\/e.kosmolat.eu\/lt\/wp-json\/wp\/v2\/media\/96018"}],"wp:attachment":[{"href":"https:\/\/e.kosmolat.eu\/lt\/wp-json\/wp\/v2\/media?parent=74137"}],"wp:term":[{"taxonomy":"product_cat","embeddable":true,"href":"https:\/\/e.kosmolat.eu\/lt\/wp-json\/wp\/v2\/product_cat?post=74137"},{"taxonomy":"product_tag","embeddable":true,"href":"https:\/\/e.kosmolat.eu\/lt\/wp-json\/wp\/v2\/product_tag?post=74137"}],"curies":[{"name":"wp","href":"https:\/\/api.w.org\/{rel}","templated":true}]}}