{"id":74129,"date":"2025-07-09T04:06:00","date_gmt":"2025-07-09T04:06:00","guid":{"rendered":"https:\/\/e.kosmolat.eu\/product\/oily-hair-trihologiskais-sampuns-taukain-mat-natre-200-ml\/"},"modified":"2026-04-23T05:58:36","modified_gmt":"2026-04-23T05:58:36","slug":"oily-hair-trihologiskais-sampuns-taukain-mat-natre-200-ml","status":"publish","type":"product","link":"https:\/\/e.kosmolat.eu\/lt\/produktas\/oily-hair-trihologiskais-sampuns-taukain-mat-natre-200-ml\/","title":{"rendered":"ELFA PHARM Trichologinis \u0161amp\u016bnas riebiems plaukams su dilg\u0117le, 200 ml"},"content":{"rendered":"<p>Valo galvos od\u0105, pa\u0161alina riebal\u0173 pertekli\u0173 ir kruop\u0161\u010diai valo riebalines liaukas, ilgai i\u0161laikydamas plauk\u0173 gaivum\u0105.<\/p>\n<p>Naudojimas: tolygiai u\u017etepkite ant dr\u0117gn\u0173 plauk\u0173, suputokite, nuplaukite vandeniu. Naudokite 2\u20133 kartus per savait\u0119. Geriausiems rezultatams pasiekti, du kartus suputokite plovimo metu.<\/p>\n<p>Laikyti nuo +5 \u00b0C iki +25 \u00b0C temperat\u016broje.<\/p>\n","protected":false},"excerpt":{"rendered":"<p>Valo galvos od\u0105, pa\u0161alina riebal\u0173 pertekli\u0173 ir kruop\u0161\u010diai valo riebalines liaukas, ilgai i\u0161laikydamas plauk\u0173 gaivum\u0105. Naudojimas: tolygiai u\u017etepkite ant dr\u0117gn\u0173 plauk\u0173, suputokite, nuplaukite vandeniu. Naudokite 2\u20133 kartus per savait\u0119. Geriausiems rezultatams pasiekti, du kartus suputokite plovimo metu. Laikyti nuo +5 \u00b0C iki +25 \u00b0C temperat\u016broje.<\/p>\n","protected":false},"featured_media":96014,"template":"","meta":[],"product_cat":[1251],"product_tag":[],"class_list":{"0":"post-74129","1":"product","2":"type-product","3":"status-publish","4":"has-post-thumbnail","6":"product_brand-elfa_ua-lt","7":"product_cat-sampunai","9":"first","10":"instock","11":"taxable","12":"shipping-taxable","13":"product-type-simple"},"_links":{"self":[{"href":"https:\/\/e.kosmolat.eu\/lt\/wp-json\/wp\/v2\/product\/74129","targetHints":{"allow":["GET"]}}],"collection":[{"href":"https:\/\/e.kosmolat.eu\/lt\/wp-json\/wp\/v2\/product"}],"about":[{"href":"https:\/\/e.kosmolat.eu\/lt\/wp-json\/wp\/v2\/types\/product"}],"wp:featuredmedia":[{"embeddable":true,"href":"https:\/\/e.kosmolat.eu\/lt\/wp-json\/wp\/v2\/media\/96014"}],"wp:attachment":[{"href":"https:\/\/e.kosmolat.eu\/lt\/wp-json\/wp\/v2\/media?parent=74129"}],"wp:term":[{"taxonomy":"product_cat","embeddable":true,"href":"https:\/\/e.kosmolat.eu\/lt\/wp-json\/wp\/v2\/product_cat?post=74129"},{"taxonomy":"product_tag","embeddable":true,"href":"https:\/\/e.kosmolat.eu\/lt\/wp-json\/wp\/v2\/product_tag?post=74129"}],"curies":[{"name":"wp","href":"https:\/\/api.w.org\/{rel}","templated":true}]}}