{"id":73985,"date":"2025-07-09T04:00:51","date_gmt":"2025-07-09T04:00:51","guid":{"rendered":"https:\/\/e.kosmolat.eu\/product\/topface-jelly-effect-nagu-laka-003-9-ml\/"},"modified":"2026-04-22T06:51:39","modified_gmt":"2026-04-22T06:51:39","slug":"topface-jelly-effect-nagu-laka-003-9-ml","status":"publish","type":"product","link":"https:\/\/e.kosmolat.eu\/lt\/produktas\/topface-jelly-effect-nagu-laka-003-9-ml\/","title":{"rendered":"TOPFACE Jelly Effect lakas nagams 003, 9 ml"},"content":{"rendered":"<p>\u012esp\u0117jimas: Degus. Laikyti vaikams nepasiekiamoje vietoje. Ne\u012fkv\u0117pti.<\/p>\n","protected":false},"excerpt":{"rendered":"<p>\u012esp\u0117jimas: Degus. Laikyti vaikams nepasiekiamoje vietoje. Ne\u012fkv\u0117pti.<\/p>\n","protected":false},"featured_media":94634,"template":"","meta":[],"product_cat":[2181],"product_tag":[],"class_list":{"0":"post-73985","1":"product","2":"type-product","3":"status-publish","4":"has-post-thumbnail","6":"product_brand-top-face-tr-lt","7":"product_cat-bez-kategorijas-lt","9":"first","10":"instock","11":"taxable","12":"shipping-taxable","13":"product-type-simple"},"_links":{"self":[{"href":"https:\/\/e.kosmolat.eu\/lt\/wp-json\/wp\/v2\/product\/73985","targetHints":{"allow":["GET"]}}],"collection":[{"href":"https:\/\/e.kosmolat.eu\/lt\/wp-json\/wp\/v2\/product"}],"about":[{"href":"https:\/\/e.kosmolat.eu\/lt\/wp-json\/wp\/v2\/types\/product"}],"wp:featuredmedia":[{"embeddable":true,"href":"https:\/\/e.kosmolat.eu\/lt\/wp-json\/wp\/v2\/media\/94634"}],"wp:attachment":[{"href":"https:\/\/e.kosmolat.eu\/lt\/wp-json\/wp\/v2\/media?parent=73985"}],"wp:term":[{"taxonomy":"product_cat","embeddable":true,"href":"https:\/\/e.kosmolat.eu\/lt\/wp-json\/wp\/v2\/product_cat?post=73985"},{"taxonomy":"product_tag","embeddable":true,"href":"https:\/\/e.kosmolat.eu\/lt\/wp-json\/wp\/v2\/product_tag?post=73985"}],"curies":[{"name":"wp","href":"https:\/\/api.w.org\/{rel}","templated":true}]}}