{"id":73945,"date":"2025-07-08T04:38:06","date_gmt":"2025-07-08T04:38:06","guid":{"rendered":"https:\/\/e.kosmolat.eu\/product\/pasta-del-capitano-zobu-pasta-pret-zobakmens-veidosanos-75-ml\/"},"modified":"2026-04-23T11:36:09","modified_gmt":"2026-04-23T11:36:09","slug":"pasta-del-capitano-zobu-pasta-pret-zobakmens-veidosanos-75-ml","status":"publish","type":"product","link":"https:\/\/e.kosmolat.eu\/lt\/produktas\/pasta-del-capitano-zobu-pasta-pret-zobakmens-veidosanos-75-ml\/","title":{"rendered":"PASTA DEL CAPITANO Dant\u0173 pasta nuo dant\u0173 akmen\u0173 susidarymo, 75 ml"},"content":{"rendered":"<p>Jos sud\u0117tyje yra i\u0161skirtin\u0117 molekul\u0117 Sulfetal Zn\u00ae, pasi\u017eyminti prie\u0161bakteriniu Cinko poveikiu, pirofosfatas, \u0161alavijai ir \u010diobreliai, padedantys u\u017ekirsti keli\u0105 dant\u0173 akmen\u0173 susidarymui ir atgaivinantys burnos kvap\u0105, bei nat\u016bralios kilm\u0117s m\u0117tos. Puikiai tinka r\u016bkantiesiems.<\/p>\n<p>Sud\u0117tyje n\u0117ra paraben\u0173, triklozano, natrio laurilsulfato (SLS) ir formaldehid\u0105 skleid\u017eian\u010di\u0173 konservant\u0173.<\/p>\n<p>Atsargumo priemon\u0117s: Sud\u0117tyje yra natrio fluorido ir natrio monofluorfosfato. Vaikams iki 6 m. naudokite \u017eirnio dyd\u017eio kiek\u012f, steb\u0117kite, kad nenuryt\u0173. Jeigu vartojami produktai, kuri\u0173 sud\u0117tyje yra fluorido, pasitarkite su odontologu arba gydytoju. Po naudojimo sandariai u\u017esukite t\u016bbel\u0119. Pasirei\u0161kus alergijai, nutraukite naudojim\u0105. <\/p>\n<p>Tinkamumo naudoti terminas po atidarymo yra nurodytas m\u0117nesiais, kuomet produktas laikomas teisingai ir normaliomis, numatytomis naudojimo s\u0105lygomis.<\/p>\n","protected":false},"excerpt":{"rendered":"<p>Jos sud\u0117tyje yra i\u0161skirtin\u0117 molekul\u0117 Sulfetal Zn\u00ae, pasi\u017eyminti prie\u0161bakteriniu Cinko poveikiu, pirofosfatas, \u0161alavijai ir \u010diobreliai, padedantys u\u017ekirsti keli\u0105 dant\u0173 akmen\u0173 susidarymui ir atgaivinantys burnos kvap\u0105, bei nat\u016bralios kilm\u0117s m\u0117tos. Puikiai tinka r\u016bkantiesiems. Sud\u0117tyje n\u0117ra paraben\u0173, triklozano, natrio laurilsulfato (SLS) ir formaldehid\u0105 skleid\u017eian\u010di\u0173 konservant\u0173. Atsargumo priemon\u0117s: Sud\u0117tyje yra natrio fluorido ir natrio monofluorfosfato. Vaikams iki 6 [&#8230;]\n","protected":false},"featured_media":96062,"template":"","meta":[],"product_cat":[1308],"product_tag":[],"class_list":{"0":"post-73945","1":"product","2":"type-product","3":"status-publish","4":"has-post-thumbnail","6":"product_brand-ciccarelli_it-lt","7":"product_cat-dantu-pastos-ir-geliai","9":"first","10":"instock","11":"taxable","12":"shipping-taxable","13":"product-type-simple"},"_links":{"self":[{"href":"https:\/\/e.kosmolat.eu\/lt\/wp-json\/wp\/v2\/product\/73945","targetHints":{"allow":["GET"]}}],"collection":[{"href":"https:\/\/e.kosmolat.eu\/lt\/wp-json\/wp\/v2\/product"}],"about":[{"href":"https:\/\/e.kosmolat.eu\/lt\/wp-json\/wp\/v2\/types\/product"}],"wp:featuredmedia":[{"embeddable":true,"href":"https:\/\/e.kosmolat.eu\/lt\/wp-json\/wp\/v2\/media\/96062"}],"wp:attachment":[{"href":"https:\/\/e.kosmolat.eu\/lt\/wp-json\/wp\/v2\/media?parent=73945"}],"wp:term":[{"taxonomy":"product_cat","embeddable":true,"href":"https:\/\/e.kosmolat.eu\/lt\/wp-json\/wp\/v2\/product_cat?post=73945"},{"taxonomy":"product_tag","embeddable":true,"href":"https:\/\/e.kosmolat.eu\/lt\/wp-json\/wp\/v2\/product_tag?post=73945"}],"curies":[{"name":"wp","href":"https:\/\/api.w.org\/{rel}","templated":true}]}}