{"id":73937,"date":"2025-07-08T04:37:49","date_gmt":"2025-07-08T04:37:49","guid":{"rendered":"https:\/\/e.kosmolat.eu\/product\/pasta-del-capitano-zobu-pasta-pret-aplikumu-un-kariesu-75-ml\/"},"modified":"2026-04-22T11:27:02","modified_gmt":"2026-04-22T11:27:02","slug":"pasta-del-capitano-zobu-pasta-pret-aplikumu-un-kariesu-75-ml","status":"publish","type":"product","link":"https:\/\/e.kosmolat.eu\/lt\/produktas\/pasta-del-capitano-zobu-pasta-pret-aplikumu-un-kariesu-75-ml\/","title":{"rendered":"PASTA DEL CAPITANO Dant\u0173 pasta nuo apna\u0161\u0173 ir dant\u0173 \u0117duonies, 75 ml"},"content":{"rendered":"<p>Padeda u\u017ekirsti keli\u0105 apna\u0161oms ir kariesui bei apsaugo burnos ertm\u0119. Jos sud\u0117tyje yra i\u0161skirtin\u0117 molekul\u0117. Sulfetal Zn\u00ae, turinti prie\u0161bakterin\u012f cinko poveik\u012f, fluoro druska, padedanti remineralizuoti dant\u0173 emal\u012f, bei nat\u016bralios kilm\u0117s m\u0117tos.<\/p>\n<p>Sud\u0117tyje n\u0117ra paraben\u0173, triklozano, natrio laurilsulfato (SLS) ir formaldehid\u0105 skleid\u017eian\u010di\u0173 konservant\u0173.<\/p>\n<p>Atsargumo priemon\u0117s: Sud\u0117tyje yra natrio monofluorfosfato. Vaikams iki 6 m. naudokite \u017eirnio dyd\u017eio kiek\u012f, steb\u0117kite, kad nenuryt\u0173. Jeigu vartojami produktai, kuri\u0173 sud\u0117tyje yra fluorido, pasitarkite su odontologu arba gydytoju. Po naudojimo sandariai u\u017esukite t\u016bbel\u0119. Pasirei\u0161kus alergijai, nutraukite naudojim\u0105. <\/p>\n<p>Geriausias iki terminas po atidarymo yra nurodytas m\u0117nesiais, kuomet produktas laikomas teisingai ir normaliomis, numatytomis naudojimo s\u0105lygomis.<\/p>\n","protected":false},"excerpt":{"rendered":"<p>Padeda u\u017ekirsti keli\u0105 apna\u0161oms ir kariesui bei apsaugo burnos ertm\u0119. Jos sud\u0117tyje yra i\u0161skirtin\u0117 molekul\u0117. Sulfetal Zn\u00ae, turinti prie\u0161bakterin\u012f cinko poveik\u012f, fluoro druska, padedanti remineralizuoti dant\u0173 emal\u012f, bei nat\u016bralios kilm\u0117s m\u0117tos. Sud\u0117tyje n\u0117ra paraben\u0173, triklozano, natrio laurilsulfato (SLS) ir formaldehid\u0105 skleid\u017eian\u010di\u0173 konservant\u0173. Atsargumo priemon\u0117s: Sud\u0117tyje yra natrio monofluorfosfato. Vaikams iki 6 m. naudokite \u017eirnio dyd\u017eio [&#8230;]\n","protected":false},"featured_media":96058,"template":"","meta":[],"product_cat":[2181],"product_tag":[],"class_list":{"0":"post-73937","1":"product","2":"type-product","3":"status-publish","4":"has-post-thumbnail","6":"product_brand-ciccarelli_it-lt","7":"product_cat-bez-kategorijas-lt","9":"first","10":"instock","11":"taxable","12":"shipping-taxable","13":"product-type-simple"},"_links":{"self":[{"href":"https:\/\/e.kosmolat.eu\/lt\/wp-json\/wp\/v2\/product\/73937","targetHints":{"allow":["GET"]}}],"collection":[{"href":"https:\/\/e.kosmolat.eu\/lt\/wp-json\/wp\/v2\/product"}],"about":[{"href":"https:\/\/e.kosmolat.eu\/lt\/wp-json\/wp\/v2\/types\/product"}],"wp:featuredmedia":[{"embeddable":true,"href":"https:\/\/e.kosmolat.eu\/lt\/wp-json\/wp\/v2\/media\/96058"}],"wp:attachment":[{"href":"https:\/\/e.kosmolat.eu\/lt\/wp-json\/wp\/v2\/media?parent=73937"}],"wp:term":[{"taxonomy":"product_cat","embeddable":true,"href":"https:\/\/e.kosmolat.eu\/lt\/wp-json\/wp\/v2\/product_cat?post=73937"},{"taxonomy":"product_tag","embeddable":true,"href":"https:\/\/e.kosmolat.eu\/lt\/wp-json\/wp\/v2\/product_tag?post=73937"}],"curies":[{"name":"wp","href":"https:\/\/api.w.org\/{rel}","templated":true}]}}