{"id":73929,"date":"2025-07-08T04:37:30","date_gmt":"2025-07-08T04:37:30","guid":{"rendered":"https:\/\/e.kosmolat.eu\/product\/pasta-del-capitano-zobu-pasta-ar-aktiveto-ogli-75-ml\/"},"modified":"2026-04-24T05:53:40","modified_gmt":"2026-04-24T05:53:40","slug":"pasta-del-capitano-zobu-pasta-ar-aktiveto-ogli-75-ml","status":"publish","type":"product","link":"https:\/\/e.kosmolat.eu\/lt\/produktas\/pasta-del-capitano-zobu-pasta-ar-aktiveto-ogli-75-ml\/","title":{"rendered":"PASTA DEL CAPITANO Dant\u0173 pasta su aktyvinta anglimi, 75 ml"},"content":{"rendered":"<p>Padeda atkurti nat\u016bral\u0173 dant\u0173 baltum\u0105, suteikiant gaiv\u0173 burnos kvap\u0105, nepa\u017eeid\u017eiant emalio:<\/p>\n<p>\u2022 Sulfetal Zn\u00ae, originali molekul\u0117 su cinku, turin\u010diu valom\u0173j\u0173 savybi\u0173;<br \/>\n\u2022 Aktyvi Med\u017eio Anglis, turinti absorbuojan\u010di\u0173 savybi\u0173, leid\u017eian\u010di\u0173 efektyviai balinti.<\/p>\n<p>Sud\u0117tyje n\u0117ra paraben\u0173, triklozano, natrio laurilsulfato (SLS) ir formaldehid\u0105 skleid\u017eian\u010di\u0173 konservant\u0173.<br \/>\nAtsargumo priemon\u0117s:<\/p>\n<p>Po naudojimo sandariai u\u017esukite t\u016bbel\u0119. Pasirei\u0161kus alergijai, nutraukite naudojim\u0105.<\/p>\n<p>Geriausias iki terminas po atidarymo yra nurodytas m\u0117nesiais, kuomet produktas laikomas teisingai ir normaliomis, numatytomis naudojimo s\u0105lygomis.<\/p>\n","protected":false},"excerpt":{"rendered":"<p>Padeda atkurti nat\u016bral\u0173 dant\u0173 baltum\u0105, suteikiant gaiv\u0173 burnos kvap\u0105, nepa\u017eeid\u017eiant emalio: \u2022 Sulfetal Zn\u00ae, originali molekul\u0117 su cinku, turin\u010diu valom\u0173j\u0173 savybi\u0173; \u2022 Aktyvi Med\u017eio Anglis, turinti absorbuojan\u010di\u0173 savybi\u0173, leid\u017eian\u010di\u0173 efektyviai balinti. Sud\u0117tyje n\u0117ra paraben\u0173, triklozano, natrio laurilsulfato (SLS) ir formaldehid\u0105 skleid\u017eian\u010di\u0173 konservant\u0173. Atsargumo priemon\u0117s: Po naudojimo sandariai u\u017esukite t\u016bbel\u0119. Pasirei\u0161kus alergijai, nutraukite naudojim\u0105. Geriausias iki [&#8230;]\n","protected":false},"featured_media":96054,"template":"","meta":[],"product_cat":[1308],"product_tag":[],"class_list":{"0":"post-73929","1":"product","2":"type-product","3":"status-publish","4":"has-post-thumbnail","6":"product_brand-ciccarelli_it-lt","7":"product_cat-dantu-pastos-ir-geliai","9":"first","10":"instock","11":"taxable","12":"shipping-taxable","13":"product-type-simple"},"_links":{"self":[{"href":"https:\/\/e.kosmolat.eu\/lt\/wp-json\/wp\/v2\/product\/73929","targetHints":{"allow":["GET"]}}],"collection":[{"href":"https:\/\/e.kosmolat.eu\/lt\/wp-json\/wp\/v2\/product"}],"about":[{"href":"https:\/\/e.kosmolat.eu\/lt\/wp-json\/wp\/v2\/types\/product"}],"wp:featuredmedia":[{"embeddable":true,"href":"https:\/\/e.kosmolat.eu\/lt\/wp-json\/wp\/v2\/media\/96054"}],"wp:attachment":[{"href":"https:\/\/e.kosmolat.eu\/lt\/wp-json\/wp\/v2\/media?parent=73929"}],"wp:term":[{"taxonomy":"product_cat","embeddable":true,"href":"https:\/\/e.kosmolat.eu\/lt\/wp-json\/wp\/v2\/product_cat?post=73929"},{"taxonomy":"product_tag","embeddable":true,"href":"https:\/\/e.kosmolat.eu\/lt\/wp-json\/wp\/v2\/product_tag?post=73929"}],"curies":[{"name":"wp","href":"https:\/\/api.w.org\/{rel}","templated":true}]}}