{"id":73921,"date":"2025-07-08T04:37:13","date_gmt":"2025-07-08T04:37:13","guid":{"rendered":"https:\/\/e.kosmolat.eu\/product\/evoluderm-matejoss-sejas-kops-lidz-pret-adas-nepiln-kombin-un-taukain-adai-50-ml\/"},"modified":"2026-04-08T13:44:00","modified_gmt":"2026-04-08T13:44:00","slug":"evoluderm-matejoss-sejas-kops-lidz-pret-adas-nepiln-kombin-un-taukain-adai-50-ml","status":"publish","type":"product","link":"https:\/\/e.kosmolat.eu\/lt\/produktas\/evoluderm-matejoss-sejas-kops-lidz-pret-adas-nepiln-kombin-un-taukain-adai-50-ml\/","title":{"rendered":"EVOLUDERM matinantis atkuriamasis veido odos prie\u017ei\u016bros kremas nuo netobulum\u0173,  mi\u0161riai ir riebiai o"},"content":{"rendered":"<p>Matin\u012f atspalv\u012f suteikianti prie\u017ei\u016bra padeda suma\u017einti mi\u0161rios ir riebios odos tr\u016bkumus. Valomosios rausv\u0173j\u0173 greipfrut\u0173 ekstrakto ir cinko savyb\u0117s leid\u017eia giliai i\u0161valyti ir sudr\u0117kinti od\u0105, gerinant jos tekst\u016br\u0105. Ry\u017ei\u0173 milteliai suteikia matin\u012f ir aksomin\u012f atspalv\u012f.<\/p>\n<p>Rezultatas: diena i\u0161 dienos oda tampa lygesn\u0117, o poros susiaur\u0117ja.<\/p>\n<p>Naudojimo instrukcijos: tepkite ryte ir vakare ant \u0161varios veido odos, vengdami patekimo \u012f akis.<\/p>\n<p>Atsargumo priemon\u0117s: patekus \u012f akis, nedelsiant gerai praplaukite vandeniu.<\/p>\n<p>Dermatologi\u0161kai patikrinta.<\/p>\n","protected":false},"excerpt":{"rendered":"<p>Matin\u012f atspalv\u012f suteikianti prie\u017ei\u016bra padeda suma\u017einti mi\u0161rios ir riebios odos tr\u016bkumus. Valomosios rausv\u0173j\u0173 greipfrut\u0173 ekstrakto ir cinko savyb\u0117s leid\u017eia giliai i\u0161valyti ir sudr\u0117kinti od\u0105, gerinant jos tekst\u016br\u0105. Ry\u017ei\u0173 milteliai suteikia matin\u012f ir aksomin\u012f atspalv\u012f. Rezultatas: diena i\u0161 dienos oda tampa lygesn\u0117, o poros susiaur\u0117ja. Naudojimo instrukcijos: tepkite ryte ir vakare ant \u0161varios veido odos, vengdami [&#8230;]\n","protected":false},"featured_media":94298,"template":"","meta":[],"product_cat":[2181],"product_tag":[],"class_list":{"0":"post-73921","1":"product","2":"type-product","3":"status-publish","4":"has-post-thumbnail","6":"product_brand-evoluderm-lt","7":"product_cat-bez-kategorijas-lt","9":"first","10":"instock","11":"taxable","12":"shipping-taxable","13":"product-type-simple"},"_links":{"self":[{"href":"https:\/\/e.kosmolat.eu\/lt\/wp-json\/wp\/v2\/product\/73921","targetHints":{"allow":["GET"]}}],"collection":[{"href":"https:\/\/e.kosmolat.eu\/lt\/wp-json\/wp\/v2\/product"}],"about":[{"href":"https:\/\/e.kosmolat.eu\/lt\/wp-json\/wp\/v2\/types\/product"}],"wp:featuredmedia":[{"embeddable":true,"href":"https:\/\/e.kosmolat.eu\/lt\/wp-json\/wp\/v2\/media\/94298"}],"wp:attachment":[{"href":"https:\/\/e.kosmolat.eu\/lt\/wp-json\/wp\/v2\/media?parent=73921"}],"wp:term":[{"taxonomy":"product_cat","embeddable":true,"href":"https:\/\/e.kosmolat.eu\/lt\/wp-json\/wp\/v2\/product_cat?post=73921"},{"taxonomy":"product_tag","embeddable":true,"href":"https:\/\/e.kosmolat.eu\/lt\/wp-json\/wp\/v2\/product_tag?post=73921"}],"curies":[{"name":"wp","href":"https:\/\/api.w.org\/{rel}","templated":true}]}}