{"id":73913,"date":"2025-07-08T04:36:56","date_gmt":"2025-07-08T04:36:56","guid":{"rendered":"https:\/\/e.kosmolat.eu\/product\/evoluderm-saldo-mandelu-ella-berniem-0-100-ml\/"},"modified":"2026-04-15T09:34:29","modified_gmt":"2026-04-15T09:34:29","slug":"evoluderm-saldo-mandelu-ella-berniem-0-100-ml","status":"publish","type":"product","link":"https:\/\/e.kosmolat.eu\/lt\/produktas\/evoluderm-saldo-mandelu-ella-berniem-0-100-ml\/","title":{"rendered":"EVOLUDERM vaiki\u0161kas sald\u017ei\u0173j\u0173 migdol\u0173 aliejus 0+, 100 ml"},"content":{"rendered":"<p>Sald\u017ei\u0173j\u0173 migdol\u0173 aliejus vaikams nuo pirm\u0173j\u0173 gyvenimo dien\u0173. Tinka masa\u017eui, k\u016bno ir plauk\u0173 prie\u017ei\u016brai. Maitina, mink\u0161tina ir apsaugo. Oftalmologi\u0161kai patikrintas.<\/p>\n<p>Atsargumo priemon\u0117s: Tik i\u0161oriniam naudojimui. Laikyti vaikams nepasiekiamoje vietoje. Venkite patekimo \u012f akis. Patekus \u012f akis, kruop\u0161\u010diai praplaukite vandeniu.<\/p>\n","protected":false},"excerpt":{"rendered":"<p>Sald\u017ei\u0173j\u0173 migdol\u0173 aliejus vaikams nuo pirm\u0173j\u0173 gyvenimo dien\u0173. Tinka masa\u017eui, k\u016bno ir plauk\u0173 prie\u017ei\u016brai. Maitina, mink\u0161tina ir apsaugo. Oftalmologi\u0161kai patikrintas. Atsargumo priemon\u0117s: Tik i\u0161oriniam naudojimui. Laikyti vaikams nepasiekiamoje vietoje. Venkite patekimo \u012f akis. Patekus \u012f akis, kruop\u0161\u010diai praplaukite vandeniu.<\/p>\n","protected":false},"featured_media":94454,"template":"","meta":[],"product_cat":[1363],"product_tag":[],"class_list":{"0":"post-73913","1":"product","2":"type-product","3":"status-publish","4":"has-post-thumbnail","6":"product_brand-evoluderm-lt","7":"product_cat-kuno-prieziuros-kosmetika","9":"first","10":"instock","11":"taxable","12":"shipping-taxable","13":"product-type-simple"},"_links":{"self":[{"href":"https:\/\/e.kosmolat.eu\/lt\/wp-json\/wp\/v2\/product\/73913","targetHints":{"allow":["GET"]}}],"collection":[{"href":"https:\/\/e.kosmolat.eu\/lt\/wp-json\/wp\/v2\/product"}],"about":[{"href":"https:\/\/e.kosmolat.eu\/lt\/wp-json\/wp\/v2\/types\/product"}],"wp:featuredmedia":[{"embeddable":true,"href":"https:\/\/e.kosmolat.eu\/lt\/wp-json\/wp\/v2\/media\/94454"}],"wp:attachment":[{"href":"https:\/\/e.kosmolat.eu\/lt\/wp-json\/wp\/v2\/media?parent=73913"}],"wp:term":[{"taxonomy":"product_cat","embeddable":true,"href":"https:\/\/e.kosmolat.eu\/lt\/wp-json\/wp\/v2\/product_cat?post=73913"},{"taxonomy":"product_tag","embeddable":true,"href":"https:\/\/e.kosmolat.eu\/lt\/wp-json\/wp\/v2\/product_tag?post=73913"}],"curies":[{"name":"wp","href":"https:\/\/api.w.org\/{rel}","templated":true}]}}