{"id":73897,"date":"2025-07-08T04:36:25","date_gmt":"2025-07-08T04:36:25","guid":{"rendered":"https:\/\/e.kosmolat.eu\/product\/evoluderm-maiga-attir-zeleja-mazulu-sejai-un-kerm-0-500-ml\/"},"modified":"2025-09-20T07:05:42","modified_gmt":"2025-09-20T07:05:42","slug":"evoluderm-maiga-attir-zeleja-mazulu-sejai-un-kerm-0-500-ml","status":"publish","type":"product","link":"https:\/\/e.kosmolat.eu\/lt\/produktas\/evoluderm-maiga-attir-zeleja-mazulu-sejai-un-kerm-0-500-ml\/","title":{"rendered":"EVOLUDERM \u0161velnus vaiki\u0161kas valomasis gelis veidui ir k\u016bnui 0+, 500 ml"},"content":{"rendered":"","protected":false},"excerpt":{"rendered":"","protected":false},"featured_media":94446,"template":"","meta":[],"product_cat":[1363],"product_tag":[],"class_list":{"0":"post-73897","1":"product","2":"type-product","3":"status-publish","4":"has-post-thumbnail","6":"product_brand-evoluderm-lt","7":"product_cat-kuno-prieziuros-kosmetika","9":"first","10":"outofstock","11":"taxable","12":"shipping-taxable","13":"product-type-simple"},"_links":{"self":[{"href":"https:\/\/e.kosmolat.eu\/lt\/wp-json\/wp\/v2\/product\/73897","targetHints":{"allow":["GET"]}}],"collection":[{"href":"https:\/\/e.kosmolat.eu\/lt\/wp-json\/wp\/v2\/product"}],"about":[{"href":"https:\/\/e.kosmolat.eu\/lt\/wp-json\/wp\/v2\/types\/product"}],"wp:featuredmedia":[{"embeddable":true,"href":"https:\/\/e.kosmolat.eu\/lt\/wp-json\/wp\/v2\/media\/94446"}],"wp:attachment":[{"href":"https:\/\/e.kosmolat.eu\/lt\/wp-json\/wp\/v2\/media?parent=73897"}],"wp:term":[{"taxonomy":"product_cat","embeddable":true,"href":"https:\/\/e.kosmolat.eu\/lt\/wp-json\/wp\/v2\/product_cat?post=73897"},{"taxonomy":"product_tag","embeddable":true,"href":"https:\/\/e.kosmolat.eu\/lt\/wp-json\/wp\/v2\/product_tag?post=73897"}],"curies":[{"name":"wp","href":"https:\/\/api.w.org\/{rel}","templated":true}]}}